{"id":404120,"date":"2022-04-07T10:30:41","date_gmt":"2022-04-07T13:30:41","guid":{"rendered":"https:\/\/ovigilanteonline.com.br\/site\/?page_id=404120"},"modified":"2022-05-17T09:08:29","modified_gmt":"2022-05-17T12:08:29","slug":"politica-de-privacidade","status":"publish","type":"page","link":"https:\/\/www.ovigilanteonline.com.br\/site\/politica-de-privacidade\/","title":{"rendered":"Pol\u00edtica de privacidade"},"content":{"rendered":"\n<p><strong>P\u00e1gina de Pol\u00edtica de Privacidade &#8211; Ultima atualiza\u00e7\u00e3o em 17\/05\/2022<\/strong><\/p>\n\n\n\n<p><strong>QUEM SOMOS<\/strong><br>Em 05 de mar\u00e7o de 1993 circulava em Leopoldina a primeira edi\u00e7\u00e3o impressa do Jornal O Vigilante. Em dezembro de 2012, revigorado em seus princ\u00edpios de independ\u00eancia editorial, O VIGILANTE ingressou na Internet atrav\u00e9s de sua fan page no Facebook. Em apenas um ano, durante 2013, a p\u00e1gina superou a marca de 980 mil visualiza\u00e7\u00f5es, com milhares de coment\u00e1rios, curtidas e compartilhamentos.<\/p>\n\n\n\n<p>No dia 7 de mar\u00e7o de 2014 foi oficialmente inaugurado o Portal de Not\u00edcias do Jornal O VIGILANTE ONLINE. Neste novo formato, a cobertura de acontecimentos relevantes na comunidade de Leopoldina e regi\u00e3o revelou aos leitores (webleitores) nosso diferencial. \u00c9tica, verdade, valoriza\u00e7\u00e3o do leitor e dos anunciantes s\u00e3o marcas do Jornal O VIGILANTE ONLINE.<\/p>\n\n\n\n<p>\u201cT\u00e3o importante quanto informar \u00e9 considerar a not\u00edcia como um registro hist\u00f3rico dos fatos.\u201d<\/p>\n\n\n\n<p>O VIGILANTE ONLINE, \u201co jornal que todo mundo l\u00ea\u201d \u00e9 um jornal eletr\u00f4nico de propriedade da empresa O VIGILANTE JA IM\u00d3VEIS, com sede em Leopoldina \u2013 MG.<br>CNPJ: 43.288.859\/0001-50<\/p>\n\n\n\n<p>Inscri\u00e7\u00e3o Estadual: Isenta<\/p>\n\n\n\n<p>Editor\/Diretor Geral: J\u00falio C\u00e9sar Cabral<br>\u200bMTE 19773\/MG | ABJ 3331<\/p>\n\n\n<p><strong>INFORMA\u00c7\u00d5ES PARA CONTATO CONOSCO:<\/strong><br \/>Telefone: (32) 34491832<br \/>Whatsapp: (32) 991734242<br \/>E-mail: contato@ovigilanteonline.com<br \/>Site: ovigilanteonline.com.br<\/p>\n<hr \/>\n<p><strong>SUA PRIVACIDADE \u00c9 MUITO IMPORTANTE PARA N\u00d3S<\/strong><br \/>Ao acessar o nosso site, voc\u00ea compartilha automaticamente algumas informa\u00e7\u00f5es. Isso \u00e9 muito importante para que os servi\u00e7os sejam aprimorados e para que voc\u00ea tenha uma experi\u00eancia online \u00fanica e personalizada. Al\u00e9m disso, ao conhecer a nossa pol\u00edtica de privacidade, voc\u00ea poder\u00e1 contribuir para a modula\u00e7\u00e3o da sua experi\u00eancia de acordo com as suas escolhas de navega\u00e7\u00e3o, tornando o site cada vez mais seu.<\/p>\n<p>Para se adaptar \u00e0s expectativas dos usu\u00e1rios, o nosso site poder\u00e1 modificar a sua Pol\u00edtica de Privacidade. Assim, \u00e9 importante que voc\u00ea consulte nossa pol\u00edtica regularmente e caso n\u00e3o concorde com as altera\u00e7\u00f5es promovidas, entre em contato com nossos canais de relacionamento ou descontinue o uso do seu servi\u00e7o deixando de acess\u00e1-lo.<\/p>\n<hr \/>\n<p><strong>O QUE COLETAMOS E POR QU\u00ca?<\/strong><br \/>Ao navegar pelo nosso site sem desabilitar Cookies sem optar por uma navega\u00e7\u00e3o an\u00f4nima ou sem fazer o logout em servi\u00e7os da Google, voc\u00ea compartilha o seu hist\u00f3rico de acesso de aplica\u00e7\u00f5es, sendo este armazenado por meio do emprego de tecnologias espec\u00edficas para coleta de informa\u00e7\u00f5es (\u201cIdentificadores An\u00f4nimos\u201d e \u201ccookies\u201d). Este compartilhamento, entretanto, n\u00e3o abrange o armazenamento de dados ou informa\u00e7\u00f5es pessoais suas, tais como: nome, endere\u00e7o, e-mail, entre outros, mas t\u00e3o somente proporciona a voc\u00ea uma intera\u00e7\u00e3o com o site e servi\u00e7os neste disponibilizados de acordo com suas escolhas de navega\u00e7\u00e3o, de forma que estas moldar\u00e3o os servi\u00e7os e an\u00fancios oferecidos a voc\u00ea.<\/p>\n<p>Sendo assim, ao acessar as p\u00e1ginas do site sem desabilitar tais tecnologias, voc\u00ea expressamente escolhe este tipo de navega\u00e7\u00e3o voltado exclusivamente aos seus interesses e, portanto, autoriza o armazenamento de informa\u00e7\u00f5es por meio destas tecnologias.<\/p>\n<hr \/>\n<p class=\"text\"><strong>Desabilita\u00e7\u00e3o de cookies<br \/><\/strong>O controle sobre o compartilhamento de informa\u00e7\u00f5es por cookie se d\u00e1 por meio do seu navegador. Ent\u00e3o, para evitar total ou parcialmente o compartilhamento por essa tecnologia, voc\u00ea ter\u00e1 que modificar as configura\u00e7\u00f5es do seu navegador.<br \/>Para saber como modificar essas configura\u00e7\u00f5es, verifique o navegador utilizado por voc\u00ea e proceda conforme as instru\u00e7\u00f5es constantes no link abaixo respectivo:<br \/><a href=\"https:\/\/support.google.com\/chrome\/answer\/95647?hl=pt-BR\" target=\"_blank\" rel=\"noopener\">Chrome<\/a><br \/><a href=\"https:\/\/support.mozilla.org\/pt-BR\/kb\/ativando-e-desativando-cookies\" target=\"_blank\" rel=\"noopener\">Firefox<\/a><br \/><a href=\"https:\/\/support.apple.com\/kb\/HT1677?viewlocale=pt_BR&amp;locale=pt_BR\" target=\"_blank\" rel=\"noopener\">Safari<\/a><br \/><a href=\"https:\/\/support.microsoft.com\/kb\/278835\/pt-br\" target=\"_blank\" rel=\"noopener\">Internet Explorer<\/a><br \/>Voc\u00ea tamb\u00e9m pode navegar em nosso site de forma an\u00f4nima utilizando este recurso direto no seu navegador:<\/p>\n<table class=\"curveTable\" style=\"height: 547px;\" width=\"1128\">\n<tbody>\n<tr>\n<td>\n<div><strong>Navegadores<\/strong><\/div>\n<\/td>\n<td>\n<div><strong>Descri\u00e7\u00e3o<\/strong><\/div>\n<\/td>\n<\/tr>\n<tr>\n<td>\n<div>\n<div>Google Chrome<\/div>\n<\/div>\n<\/td>\n<td>\n<div>\n<div>Pressionar as teclas Ctrl + shift + n ou\n<p>\u00a0<\/p>\n<p><a href=\"https:\/\/support.google.com\/chrome\/answer\/95464?hl=pt-BR\" target=\"_blank\" rel=\"noopener\">https:\/\/support.google.com\/chrome\/answer\/95464?hl=pt-BR<\/a><\/p>\n<\/div>\n<\/div>\n<\/td>\n<\/tr>\n<tr>\n<td>\n<div>\n<div>Internet explorer 7<\/div>\n<\/div>\n<\/td>\n<td><a href=\"https:\/\/windows.microsoft.com\/pt-br\/windows\/what-is-inprivate-browsing#1TC=windows-7\" target=\"_blank\" rel=\"noopener\">https:\/\/windows.microsoft.com\/pt-br\/windows\/what-is-inprivate-browsing#1TC=windows-7<\/a><\/td>\n<\/tr>\n<tr>\n<td>\n<div>\n<div>Internet explorer 9<\/div>\n<\/div>\n<\/td>\n<td>\n<div>\n<div>\n<p><a href=\"https:\/\/windows.microsoft.com\/pt-br\/internet-explorer\/products\/ie-9\/features\/in-private\" target=\"_blank\" rel=\"noopener\">https:\/\/windows.microsoft.com\/pt-br\/internet-explorer\/products\/ie-9\/features\/in-private\u00a0<\/a><br \/>ou Pressionar as teclas Ctrl+Shift+ p<\/p>\n<\/div>\n<\/div>\n<\/td>\n<\/tr>\n<tr>\n<td>\n<div>\n<div>Mozilla<\/div>\n<\/div>\n<\/td>\n<td>\n<div>\n<div>Pressionar as teclas Ctrl+Shift+p ou\n<p>\u00a0<\/p>\n<p><a href=\"https:\/\/support.mozilla.org\/pt-BR\/kb\/navegacao-privativa?redirectlocale=en-US&amp;as=u&amp;redirectslug=Private+Browsing&amp;utm_source=inproduct\" target=\"_blank\" rel=\"noopener\">https:\/\/support.mozilla.org\/pt-BR\/kb\/navegacao-privativa?redirectlocale=en-US&amp;as=u&amp;redirectslug=Private+Browsing&amp;utm_source=inproduct<\/a><\/p>\n<\/div>\n<\/div>\n<\/td>\n<\/tr>\n<tr>\n<td>\n<div>\n<div>Safari<\/div>\n<\/div>\n<\/td>\n<td><a href=\"https:\/\/safari.helpmax.net\/ps\/privacidade-e-seguranca\/como-navegar-em-privado\" target=\"_blank\" rel=\"noopener\">https:\/\/safari.helpmax.net\/ps\/privacidade-e-seguranca\/como-navegar-em-privado<\/a><\/td>\n<\/tr>\n<\/tbody>\n<\/table>\n<hr \/>\n<p><strong>M\u00eddia incorporada de outros sites<\/strong><br \/>Alguns artigos neste site podem incluir conte\u00fado incorporado como, por exemplo, v\u00eddeos, imagens, textos, etc. Conte\u00fados incorporados de outros sites se comportam exatamente da mesma forma como se o visitante estivesse visitando o outro site.<br \/><!-- \/wp:post-content --><!-- wp:paragraph -->Estes sites podem coletar dados sobre voc\u00ea, usar cookies, incorporar rastreamento adicional de terceiros e monitorar sua intera\u00e7\u00e3o com este conte\u00fado incorporado, incluindo sua intera\u00e7\u00e3o com o conte\u00fado incorporado se voc\u00ea tem uma conta e est\u00e1 conectado com o site.<\/p>\n<hr \/>\n<p><strong>Cookies de Terceiros:<br \/><\/strong>Nosso site utiliza algumas ferramentas terceirizadas para an\u00e1lises e publicidade. Estas ferramentas tamb\u00e9m coletam dados. Informamos abaixo um breve resumo e o link para que voc\u00ea possa conhecer a fundo cada dado coletado<\/p>\n<ul>\n<li>Google Analytics<br \/>Nosso site utiliza o Google Analytics para a coleta e processamento de Dados, conforme pol\u00edticas do Google dispon\u00edveis em <a href=\"https:\/\/www.google.com\/intl\/pt-BR\/policies\/privacy\/partners\/\">https:\/\/www.google.com\/intl\/pt-BR\/policies\/privacy\/partners\/<\/a>, <a href=\"https:\/\/policies.google.com\/privacy\">https:\/\/policies.google.com\/privacy<\/a> e <a href=\"https:\/\/policies.google.com\/terms\">https:\/\/policies.google.com\/terms<\/a> com as quais o Usu\u00e1rio tamb\u00e9m deve concordar ao aceitar a presente Pol\u00edtica de Privacidade. Quaisquer usos feitos pelo Google ou seus parceiros dos Dados do Usu\u00e1rio, coletados por meio dessa ferramenta ser\u00e1 de responsabilidade \u00fanica e exclusiva do Google, sendo o site O VIGILANTE ONLINE isento de quaisquer responsabilidades resultantes de tal uso pelo Google.<\/li>\n<li>Google Adsense<br \/>As publicidades da Google veiculadas em nosso site usam cookies para veicular an\u00fancios com base em visitas anteriores do usu\u00e1rio ao seu website ou a outros websites.<br \/>Com o uso de cookies de publicidade, o Google e os parceiros dele podem veicular an\u00fancios para os usu\u00e1rios com base nas visitas feitas aos seus sites e\/ou a outros sites na Internet.<br \/>Os usu\u00e1rios podem desativar a publicidade personalizada acessando as <a href=\"https:\/\/www.google.com\/settings\/ads\" target=\"_blank\" rel=\"noopener\">Configura\u00e7\u00f5es de an\u00fancios<\/a>. Como alternativa, que acesse o site <a href=\"https:\/\/www.aboutads.info\/choices\/\" target=\"_blank\" rel=\"noopener\">www.aboutads.info<\/a> para desativar o uso de cookies de publicidade personalizada de terceiros.<\/li>\n<li>Taboola<br \/>Nosso site exibe an\u00fancios da plataforma Taboola, e os cookies coletados por este terceiro podem incluir, por exemplo, informa\u00e7\u00f5es sobre seu sistema operacional, as p\u00e1ginas da web acessadas nos sites de nossos clientes, o site que o levou aos sites de nossos clientes, as datas e vezes que voc\u00ea acessou os sites ou plataformas de nossos clientes, informa\u00e7\u00f5es de eventos (por exemplo, falhas de sistema) e informa\u00e7\u00f5es gerais de localiza\u00e7\u00e3o (por exemplo, cidade).<br \/>Veja as informa\u00e7\u00f5es completas de cookies coletados pelo Taboola neste link: <a href=\"https:\/\/www.taboola.com\/pt\/policies\/cookie-policy#cookies-e-outros-meios-automatizados-de-coleta-de-dados\">https:\/\/www.taboola.com\/pt\/policies\/cookie-policy#cookies-e-outros-meios-automatizados-de-coleta-de-dados<\/a><\/li>\n<\/ul>\n<hr \/>\n<p><strong>SEUS DIREITOS<\/strong><br \/>Descrevemos abaixo os direitos garantidos dispon\u00edveis:<\/p>\n<ol>\n<li>Direito de confirmar a exist\u00eancia de tratamento de seus dados pessoais, na forma do artigo 18, I, da Lei Geral de Prote\u00e7\u00e3o de Dados \u2013 Lei n\u00ba 13.709\/2018.<\/li>\n<li>Direito de acesso aos seus dados pessoais, na forma do artigo 18, II, da Lei Geral de Prote\u00e7\u00e3o de Dados \u2013 Lei n\u00ba 13.709\/2018.<\/li>\n<li>Direito de corre\u00e7\u00e3o de dados incompletos, inexatos ou desatualizados, na forma do artigo 18, III, da Lei Geral de Prote\u00e7\u00e3o de Dados \u2013 Lei n\u00ba 13.709\/2018.<\/li>\n<li>Direito de elimina\u00e7\u00e3o dos dados pessoais, na forma do artigo 18, IV e VI, da Lei Geral de Prote\u00e7\u00e3o de Dados \u2013 Lei n\u00ba 13.709\/2018.<\/li>\n<li>Direito de bloqueio do tratamento de dados pessoais, na forma do artigo 18, IV, da Lei Geral de Prote\u00e7\u00e3o de Dados \u2013 Lei n\u00ba 13.709\/2018.<\/li>\n<li>Direito de anonimiza\u00e7\u00e3o, na forma do artigo 18, IV, da Lei Geral de Prote\u00e7\u00e3o de Dados \u2013 Lei n\u00ba 13.709\/2018.<\/li>\n<li>Direito de portabilidade dos dados, na forma do artigo 18, V, da Lei Geral de Prote\u00e7\u00e3o de Dados \u2013 Lei n\u00ba 13.709\/2018.<\/li>\n<li>Direito de informa\u00e7\u00e3o sobre com quem foram compartilhados seus dados pessoais, na forma do artigo 18, VII, da Lei Geral de Prote\u00e7\u00e3o de Dados \u2013 Lei n\u00ba 13.709\/2018.<\/li>\n<li>Direito de informa\u00e7\u00e3o sobre a possibilidade de n\u00e3o fornecer consentimento e as consequ\u00eancias negativas, na forma do artigo 18, VIII, da Lei n\u00ba 13.709\/2018;<\/li>\n<li>Direito de revogar o consentimento, de modo simples, acess\u00edvel e facilitado, na forma do artigo 18, IX, da Lei Geral de Prote\u00e7\u00e3o de Dados \u2013 Lei n\u00ba 13.709\/2018.<\/li>\n<li>Direito de peticionar contra o Controlador perante a Autoridade Nacional de Prote\u00e7\u00e3o de Dados, os \u00f3rg\u00e3os de defesa do consumidor e\/ou o Poder Judici\u00e1rio, na forma dos artigos 18, \u00a7 1\u00ba, \u00a7 8\u00ba, e 22, da Lei Geral de Prote\u00e7\u00e3o de Dados \u2013 Lei n\u00ba 13.709\/2018.<\/li>\n<li>Direito de n\u00e3o se sujeitar a, ou de solicitar revis\u00f5es de, decis\u00f5es tomadas unicamente por conta do tratamento automatizado de seus dados pessoais, incluindo profiling, na forma do artigo 20, da Lei Geral de Prote\u00e7\u00e3o de Dados \u2013 Lei n\u00ba 13.709\/2018.<\/li>\n<\/ol>\n<hr \/>\n<p><strong>LIMITA\u00c7\u00d5ES DE RESPONSABILIDADE<\/strong><br \/>Determinadas viola\u00e7\u00f5es \u00e0 confidencialidade dos seus dados pessoais podem ocorrer por conta exclusiva de falhas relacionadas exclusivamente \u00e0s suas condutas nos meios digitais. Por essa raz\u00e3o, os Usu\u00e1rios reconhecem e est\u00e3o cientes de que o site <strong>O VIGILANTE ONLINE<\/strong> n\u00e3o ser\u00e1 respons\u00e1vel:<\/p>\n<ol>\n<li>Pela presen\u00e7a de v\u00edrus, malwares, ransomwares ou demais elementos nocivos nos meios digitais que sejam capazes de realizar altera\u00e7\u00f5es, conhecidas ou desconhecidas, em seus sistemas inform\u00e1ticos ou em dados e documentos armazenados em seus sistemas inform\u00e1ticos, e que resultem no acesso indevido aos seus dados pessoais por terceiros;<\/li>\n<li>Pelos danos e preju\u00edzos de toda e qualquer natureza, advindos do acesso de terceiros n\u00e3o autorizados aos seus dados pessoais, quando tal acesso tenha se dado em raz\u00e3o de falha exclusivamente relacionada aos <strong>USU\u00c1RIOS<\/strong> ou a terceiros e que fujam do controle razo\u00e1vel do site <strong>O VIGILANTE ONLINE<\/strong>.<\/li>\n<\/ol>\n<hr \/>\n<p id=\"portal-policy-how-we-will-notify--firstParagraph\"><strong>DISPOSI\u00c7\u00d5ES FINAIS<\/strong><br \/>Estamos sempre melhorando nossa Pol\u00edtica e as mudan\u00e7as ser\u00e3o refletidas nesta p\u00e1gina. Ent\u00e3o, antes de usar um de nossos Servi\u00e7os d\u00ea uma olhadinha aqui. Voc\u00ea sempre ser\u00e1 avisado sobre qualquer altera\u00e7\u00e3o, seja atrav\u00e9s de aviso no Portal da Privacidade, nos Servi\u00e7os ou atrav\u00e9s de outros meios dispon\u00edveis.<\/p>\n<div class=\"portal-topic--content open\">\n<div class=\"portal-topic-content-block\">\n<p id=\"portal-policy-how-we-will-notify--secondParagraph\">Quando publicarmos altera\u00e7\u00f5es na Pol\u00edtica, atualizaremos a data em que a \u00faltima altera\u00e7\u00e3o foi publicada no topo desta p\u00e1gina.<\/p>\n<p id=\"portal-policy-how-we-will-notify--thirdParagraph\"><strong>Lembre-se: Ao continuar a acessar os Servi\u00e7os depois que tais altera\u00e7\u00f5es passarem a valer, voc\u00ea estar\u00e1 concordando em estar vinculado \u00e0 nova vers\u00e3o da Pol\u00edtica.<\/strong><\/p>\n<\/div>\n<\/div>","protected":false},"excerpt":{"rendered":"<p>P\u00e1gina de Pol\u00edtica de Privacidade &#8211; Ultima atualiza\u00e7\u00e3o em 17\/05\/2022 QUEM SOMOSEm 05 de mar\u00e7o de 1993 circulava em Leopoldina a primeira edi\u00e7\u00e3o impressa do Jornal O Vigilante. Em dezembro de 2012, revigorado em seus princ\u00edpios de independ\u00eancia editorial, O VIGILANTE ingressou na Internet atrav\u00e9s de sua fan page no Facebook. Em apenas um ano, [&hellip;]<\/p>\n","protected":false},"author":1,"featured_media":0,"parent":0,"menu_order":0,"comment_status":"closed","ping_status":"closed","template":"","meta":{"footnotes":""},"class_list":["post-404120","page","type-page","status-publish","hentry"],"yoast_head":"<!-- This site is optimized with the Yoast SEO plugin v27.5 - https:\/\/yoast.com\/product\/yoast-seo-wordpress\/ -->\n<title>Pol\u00edtica de privacidade - O VIGILANTE ONLINE<\/title>\n<meta name=\"robots\" content=\"index, follow, max-snippet:-1, max-image-preview:large, max-video-preview:-1\" \/>\n<link rel=\"canonical\" href=\"https:\/\/www.ovigilanteonline.com.br\/site\/politica-de-privacidade\/\" \/>\n<meta property=\"og:locale\" content=\"pt_BR\" \/>\n<meta property=\"og:type\" content=\"article\" \/>\n<meta property=\"og:title\" content=\"Pol\u00edtica de privacidade - O VIGILANTE ONLINE\" \/>\n<meta property=\"og:description\" content=\"P\u00e1gina de Pol\u00edtica de Privacidade &#8211; Ultima atualiza\u00e7\u00e3o em 17\/05\/2022 QUEM SOMOSEm 05 de mar\u00e7o de 1993 circulava em Leopoldina a primeira edi\u00e7\u00e3o impressa do Jornal O Vigilante. Em dezembro de 2012, revigorado em seus princ\u00edpios de independ\u00eancia editorial, O VIGILANTE ingressou na Internet atrav\u00e9s de sua fan page no Facebook. Em apenas um ano, [&hellip;]\" \/>\n<meta property=\"og:url\" content=\"https:\/\/www.ovigilanteonline.com.br\/site\/politica-de-privacidade\/\" \/>\n<meta property=\"og:site_name\" content=\"O VIGILANTE ONLINE\" \/>\n<meta property=\"article:publisher\" content=\"https:\/\/www.facebook.com\/ovigilanteonline\" \/>\n<meta property=\"article:modified_time\" content=\"2022-05-17T12:08:29+00:00\" \/>\n<meta property=\"og:image\" content=\"https:\/\/www.ovigilanteonline.com.br\/site\/wp-content\/uploads\/2021\/03\/OV-LOGO-BRANCO.png\" \/>\n\t<meta property=\"og:image:width\" content=\"710\" \/>\n\t<meta property=\"og:image:height\" content=\"376\" \/>\n\t<meta property=\"og:image:type\" content=\"image\/png\" \/>\n<meta name=\"twitter:card\" content=\"summary_large_image\" \/>\n<meta name=\"twitter:label1\" content=\"Est. tempo de leitura\" \/>\n\t<meta name=\"twitter:data1\" content=\"9 minutos\" \/>\n<script type=\"application\/ld+json\" class=\"yoast-schema-graph\">{\"@context\":\"https:\\\/\\\/schema.org\",\"@graph\":[{\"@type\":\"WebPage\",\"@id\":\"https:\\\/\\\/www.ovigilanteonline.com.br\\\/site\\\/politica-de-privacidade\\\/\",\"url\":\"https:\\\/\\\/www.ovigilanteonline.com.br\\\/site\\\/politica-de-privacidade\\\/\",\"name\":\"Pol\u00edtica de privacidade - O VIGILANTE ONLINE\",\"isPartOf\":{\"@id\":\"https:\\\/\\\/www.ovigilanteonline.com.br\\\/site\\\/#website\"},\"datePublished\":\"2022-04-07T13:30:41+00:00\",\"dateModified\":\"2022-05-17T12:08:29+00:00\",\"breadcrumb\":{\"@id\":\"https:\\\/\\\/www.ovigilanteonline.com.br\\\/site\\\/politica-de-privacidade\\\/#breadcrumb\"},\"inLanguage\":\"pt-BR\",\"potentialAction\":[{\"@type\":\"ReadAction\",\"target\":[\"https:\\\/\\\/www.ovigilanteonline.com.br\\\/site\\\/politica-de-privacidade\\\/\"]}]},{\"@type\":\"BreadcrumbList\",\"@id\":\"https:\\\/\\\/www.ovigilanteonline.com.br\\\/site\\\/politica-de-privacidade\\\/#breadcrumb\",\"itemListElement\":[{\"@type\":\"ListItem\",\"position\":1,\"name\":\"In\u00edcio\",\"item\":\"https:\\\/\\\/www.ovigilanteonline.com.br\\\/site\\\/\"},{\"@type\":\"ListItem\",\"position\":2,\"name\":\"Pol\u00edtica de privacidade\"}]},{\"@type\":\"WebSite\",\"@id\":\"https:\\\/\\\/www.ovigilanteonline.com.br\\\/site\\\/#website\",\"url\":\"https:\\\/\\\/www.ovigilanteonline.com.br\\\/site\\\/\",\"name\":\"O VIGILANTE ONLINE - Not\u00edcias de Leopoldina e regi\u00e3o\",\"description\":\"\",\"potentialAction\":[{\"@type\":\"SearchAction\",\"target\":{\"@type\":\"EntryPoint\",\"urlTemplate\":\"https:\\\/\\\/www.ovigilanteonline.com.br\\\/site\\\/?s={search_term_string}\"},\"query-input\":{\"@type\":\"PropertyValueSpecification\",\"valueRequired\":true,\"valueName\":\"search_term_string\"}}],\"inLanguage\":\"pt-BR\"}]}<\/script>\n<!-- \/ Yoast SEO plugin. -->","yoast_head_json":{"title":"Pol\u00edtica de privacidade - O VIGILANTE ONLINE","robots":{"index":"index","follow":"follow","max-snippet":"max-snippet:-1","max-image-preview":"max-image-preview:large","max-video-preview":"max-video-preview:-1"},"canonical":"https:\/\/www.ovigilanteonline.com.br\/site\/politica-de-privacidade\/","og_locale":"pt_BR","og_type":"article","og_title":"Pol\u00edtica de privacidade - O VIGILANTE ONLINE","og_description":"P\u00e1gina de Pol\u00edtica de Privacidade &#8211; Ultima atualiza\u00e7\u00e3o em 17\/05\/2022 QUEM SOMOSEm 05 de mar\u00e7o de 1993 circulava em Leopoldina a primeira edi\u00e7\u00e3o impressa do Jornal O Vigilante. Em dezembro de 2012, revigorado em seus princ\u00edpios de independ\u00eancia editorial, O VIGILANTE ingressou na Internet atrav\u00e9s de sua fan page no Facebook. Em apenas um ano, [&hellip;]","og_url":"https:\/\/www.ovigilanteonline.com.br\/site\/politica-de-privacidade\/","og_site_name":"O VIGILANTE ONLINE","article_publisher":"https:\/\/www.facebook.com\/ovigilanteonline","article_modified_time":"2022-05-17T12:08:29+00:00","og_image":[{"width":710,"height":376,"url":"https:\/\/www.ovigilanteonline.com.br\/site\/wp-content\/uploads\/2021\/03\/OV-LOGO-BRANCO.png","type":"image\/png"}],"twitter_card":"summary_large_image","twitter_misc":{"Est. tempo de leitura":"9 minutos"},"schema":{"@context":"https:\/\/schema.org","@graph":[{"@type":"WebPage","@id":"https:\/\/www.ovigilanteonline.com.br\/site\/politica-de-privacidade\/","url":"https:\/\/www.ovigilanteonline.com.br\/site\/politica-de-privacidade\/","name":"Pol\u00edtica de privacidade - O VIGILANTE ONLINE","isPartOf":{"@id":"https:\/\/www.ovigilanteonline.com.br\/site\/#website"},"datePublished":"2022-04-07T13:30:41+00:00","dateModified":"2022-05-17T12:08:29+00:00","breadcrumb":{"@id":"https:\/\/www.ovigilanteonline.com.br\/site\/politica-de-privacidade\/#breadcrumb"},"inLanguage":"pt-BR","potentialAction":[{"@type":"ReadAction","target":["https:\/\/www.ovigilanteonline.com.br\/site\/politica-de-privacidade\/"]}]},{"@type":"BreadcrumbList","@id":"https:\/\/www.ovigilanteonline.com.br\/site\/politica-de-privacidade\/#breadcrumb","itemListElement":[{"@type":"ListItem","position":1,"name":"In\u00edcio","item":"https:\/\/www.ovigilanteonline.com.br\/site\/"},{"@type":"ListItem","position":2,"name":"Pol\u00edtica de privacidade"}]},{"@type":"WebSite","@id":"https:\/\/www.ovigilanteonline.com.br\/site\/#website","url":"https:\/\/www.ovigilanteonline.com.br\/site\/","name":"O VIGILANTE ONLINE - Not\u00edcias de Leopoldina e regi\u00e3o","description":"","potentialAction":[{"@type":"SearchAction","target":{"@type":"EntryPoint","urlTemplate":"https:\/\/www.ovigilanteonline.com.br\/site\/?s={search_term_string}"},"query-input":{"@type":"PropertyValueSpecification","valueRequired":true,"valueName":"search_term_string"}}],"inLanguage":"pt-BR"}]}},"_links":{"self":[{"href":"https:\/\/www.ovigilanteonline.com.br\/site\/wp-json\/wp\/v2\/pages\/404120","targetHints":{"allow":["GET"]}}],"collection":[{"href":"https:\/\/www.ovigilanteonline.com.br\/site\/wp-json\/wp\/v2\/pages"}],"about":[{"href":"https:\/\/www.ovigilanteonline.com.br\/site\/wp-json\/wp\/v2\/types\/page"}],"author":[{"embeddable":true,"href":"https:\/\/www.ovigilanteonline.com.br\/site\/wp-json\/wp\/v2\/users\/1"}],"replies":[{"embeddable":true,"href":"https:\/\/www.ovigilanteonline.com.br\/site\/wp-json\/wp\/v2\/comments?post=404120"}],"version-history":[{"count":0,"href":"https:\/\/www.ovigilanteonline.com.br\/site\/wp-json\/wp\/v2\/pages\/404120\/revisions"}],"wp:attachment":[{"href":"https:\/\/www.ovigilanteonline.com.br\/site\/wp-json\/wp\/v2\/media?parent=404120"}],"curies":[{"name":"wp","href":"https:\/\/api.w.org\/{rel}","templated":true}]}}