{"id":385318,"date":"2021-04-19T15:35:58","date_gmt":"2021-04-19T18:35:58","guid":{"rendered":"https:\/\/ovigilanteonline.com.br\/site\/?page_id=385318"},"modified":"2022-06-05T00:24:42","modified_gmt":"2022-06-05T03:24:42","slug":"policia","status":"publish","type":"page","link":"https:\/\/www.ovigilanteonline.com.br\/site\/policia\/","title":{"rendered":"POL\u00cdCIA"},"content":{"rendered":"\n\n\n<hr class=\"wp-block-separator has-alpha-channel-opacity\"\/>\n\n\n<div style=\"margin-left: auto; margin-right: auto; text-align: center; \" id=\"ovigi-1806912578\">\r\n<p class=\"has-text-align-center has-small-font-size\">continua depois da publicidade<\/p>\r\n\r\n\r\n\r\n<hr class=\"wp-block-separator has-alpha-channel-opacity is-style-wide\"\/>\r\n\r\n\r\n<div id=\"ovigi-1031328796\"><a href=\"https:\/\/www.instagram.com\/cartosolarmg\/\" target=\"_blank\" aria-label=\"carto solar\"><img loading=\"lazy\" decoding=\"async\" src=\"https:\/\/www.ovigilanteonline.com.br\/site\/wp-content\/uploads\/2023\/05\/carto-solar-2-jpg.webp\" alt=\"\"  srcset=\"https:\/\/www.ovigilanteonline.com.br\/site\/wp-content\/uploads\/2023\/05\/carto-solar-2-jpg.webp 900w, https:\/\/www.ovigilanteonline.com.br\/site\/wp-content\/uploads\/2023\/05\/carto-solar-2-300x121.webp 300w, https:\/\/www.ovigilanteonline.com.br\/site\/wp-content\/uploads\/2023\/05\/carto-solar-2-768x311.webp 768w, https:\/\/www.ovigilanteonline.com.br\/site\/wp-content\/uploads\/2023\/05\/carto-solar-2-600x243.webp 600w\" sizes=\"auto, (max-width: 900px) 100vw, 900px\" width=\"900\" height=\"364\"   \/><\/a><\/div>\r\n\r\n\r\n<hr class=\"wp-block-separator has-alpha-channel-opacity is-style-wide\"\/>\r\n<\/div>\n\n\n<hr class=\"wp-block-separator has-alpha-channel-opacity\"\/>\n\n\n\n<div class=\"wp-block-columns is-layout-flex wp-container-core-columns-is-layout-9d6595d7 wp-block-columns-is-layout-flex\">\n<div class=\"wp-block-column is-vertically-aligned-center is-layout-flow wp-block-column-is-layout-flow\" style=\"flex-basis:100%\"><div  class=\"ultp-post-grid-block wp-block-ultimate-post-post-grid-1 ultp-block-8ef5a4\"><div class=\"ultp-block-wrapper\"><div class=\"ultp-loading\"><div class=\"ultp-loading-blocks\" style=\"width:100%;height:100%;\"><div style=\"left: 0;top: 0;animation-delay:0s;\"><\/div><div style=\"left: 21px;top: 0;animation-delay:0.125s;\"><\/div><div style=\"left: 42px;top: 0;animation-delay:0.25s;\"><\/div><div style=\"left: 0;top: 21px;animation-delay:0.875s;\"><\/div><div style=\"left: 42px;top: 21px;animation-delay:0.375s;\"><\/div><div style=\"left: 0;top: 42px;animation-delay:0.75s;\"><\/div><div style=\"left: 42px;top: 42px;animation-delay:0.625s;\"><\/div><div style=\"left: 21px;top: 42px;animation-delay:0.5s;\"><\/div><\/div><\/div><div class=\"ultp-heading-filter\"><div class=\"ultp-heading-filter-in\"><div class=\"ultp-filter-navigation\"><\/div><\/div><\/div><div class=\"ultp-block-items-wrap ultp-block-row ultp-pg1a-style1 ultp-grid1-responsive ultp-block-column-3 ultp-sm-column-1 ultp-xs-column-1 ultp-layout1\"><div class=\"ultp-block-item post-id-452829\"><div class=\"ultp-block-content-wrap\"><div class=\"ultp-block-image ultp-block-image-opacity\"><a href=\"https:\/\/www.ovigilanteonline.com.br\/site\/2026\/05\/12\/carro-invade-contramao-bate-em-carreta-e-motorista-morre-na-br-267-em-argirita\/\" ><img decoding=\"async\"  class=\"ultp-block-image-content\"  alt=\"Carro invade contram\u00e3o, bate em carreta e motorista morre na BR-267 em Argirita\"  src=\"https:\/\/www.ovigilanteonline.com.br\/site\/wp-content\/uploads\/2022\/01\/prf-leopoldina.jpg\" \/><\/a><\/div><div class=\"ultp-block-content\"><h3 class=\"ultp-block-title \"><a href=\"https:\/\/www.ovigilanteonline.com.br\/site\/2026\/05\/12\/carro-invade-contramao-bate-em-carreta-e-motorista-morre-na-br-267-em-argirita\/\" >Carro invade contram\u00e3o, bate em carreta e motorista morre na BR-267 em Argirita<\/a><\/h3><div class=\"ultp-block-meta ultp-block-meta-dot ultp-block-meta-icon\"><\/div><\/div><\/div><\/div><div class=\"ultp-block-item post-id-452808\"><div class=\"ultp-block-content-wrap\"><div class=\"ultp-block-image ultp-block-image-opacity\"><a href=\"https:\/\/www.ovigilanteonline.com.br\/site\/2026\/05\/11\/ex-prefeito-e-familia-sao-feitos-refens-durante-assalto-em-mirai\/\" ><img decoding=\"async\"  class=\"ultp-block-image-content\"  alt=\"Ex-prefeito e fam\u00edlia s\u00e3o feitos ref\u00e9ns durante assalto em Mira\u00ed\"  src=\"https:\/\/www.ovigilanteonline.com.br\/site\/wp-content\/uploads\/2026\/05\/a65ds65d6.jpg\" \/><\/a><\/div><div class=\"ultp-block-content\"><h3 class=\"ultp-block-title \"><a href=\"https:\/\/www.ovigilanteonline.com.br\/site\/2026\/05\/11\/ex-prefeito-e-familia-sao-feitos-refens-durante-assalto-em-mirai\/\" >Ex-prefeito e fam\u00edlia s\u00e3o feitos ref\u00e9ns durante assalto em Mira\u00ed<\/a><\/h3><div class=\"ultp-block-meta ultp-block-meta-dot ultp-block-meta-icon\"><\/div><\/div><\/div><\/div><div class=\"ultp-block-item post-id-452676\"><div class=\"ultp-block-content-wrap\"><div class=\"ultp-block-image ultp-block-image-opacity\"><a href=\"https:\/\/www.ovigilanteonline.com.br\/site\/2026\/05\/10\/homem-e-preso-apos-furtar-cobre-e-aluminio-em-galpao-de-reciclagem-em-leopoldina\/\" ><img decoding=\"async\"  class=\"ultp-block-image-content\"  alt=\"Homem \u00e9 preso ap\u00f3s furtar cobre e alum\u00ednio em galp\u00e3o de reciclagem em Leopoldina\"  src=\"https:\/\/www.ovigilanteonline.com.br\/site\/wp-content\/uploads\/2026\/05\/cobre.jpeg\" \/><\/a><\/div><div class=\"ultp-block-content\"><h3 class=\"ultp-block-title \"><a href=\"https:\/\/www.ovigilanteonline.com.br\/site\/2026\/05\/10\/homem-e-preso-apos-furtar-cobre-e-aluminio-em-galpao-de-reciclagem-em-leopoldina\/\" >Homem \u00e9 preso ap\u00f3s furtar cobre e alum\u00ednio em galp\u00e3o de reciclagem em Leopoldina<\/a><\/h3><div class=\"ultp-block-meta ultp-block-meta-dot ultp-block-meta-icon\"><\/div><\/div><\/div><\/div><div class=\"ultp-block-item post-id-452661\"><div class=\"ultp-block-content-wrap\"><div class=\"ultp-block-image ultp-block-image-opacity\"><a href=\"https:\/\/www.ovigilanteonline.com.br\/site\/2026\/05\/10\/idoso-de-71-anos-e-assassinado-dentro-de-casa-e-dois-suspeitos-sao-presos-pela-pm-em-leopoldina\/\" ><img decoding=\"async\"  class=\"ultp-block-image-content\"  alt=\"Idoso de 71 anos \u00e9 assassinado dentro de casa e dois suspeitos s\u00e3o presos pela PM em Leopoldina\"  src=\"https:\/\/www.ovigilanteonline.com.br\/site\/wp-content\/uploads\/2026\/05\/viatura-pm-02-.jpeg\" \/><\/a><\/div><div class=\"ultp-block-content\"><h3 class=\"ultp-block-title \"><a href=\"https:\/\/www.ovigilanteonline.com.br\/site\/2026\/05\/10\/idoso-de-71-anos-e-assassinado-dentro-de-casa-e-dois-suspeitos-sao-presos-pela-pm-em-leopoldina\/\" >Idoso de 71 anos \u00e9 assassinado dentro de casa e dois suspeitos s\u00e3o presos pela PM em Leopoldina<\/a><\/h3><div class=\"ultp-block-meta ultp-block-meta-dot ultp-block-meta-icon\"><\/div><\/div><\/div><\/div><div class=\"ultp-block-item post-id-452652\"><div class=\"ultp-block-content-wrap\"><div class=\"ultp-block-image ultp-block-image-opacity\"><a href=\"https:\/\/www.ovigilanteonline.com.br\/site\/2026\/05\/09\/homem-morre-apos-discussao-e-agressoes-contra-familiares-em-leopoldina\/\" ><img decoding=\"async\"  class=\"ultp-block-image-content\"  alt=\"Homem morre ap\u00f3s discuss\u00e3o e agress\u00f5es contra familiares em Leopoldina\"  src=\"https:\/\/www.ovigilanteonline.com.br\/site\/wp-content\/uploads\/2026\/05\/crime.png\" \/><\/a><\/div><div class=\"ultp-block-content\"><h3 class=\"ultp-block-title \"><a href=\"https:\/\/www.ovigilanteonline.com.br\/site\/2026\/05\/09\/homem-morre-apos-discussao-e-agressoes-contra-familiares-em-leopoldina\/\" >Homem morre ap\u00f3s discuss\u00e3o e agress\u00f5es contra familiares em Leopoldina<\/a><\/h3><div class=\"ultp-block-meta ultp-block-meta-dot ultp-block-meta-icon\"><\/div><\/div><\/div><\/div><div class=\"ultp-block-item post-id-452635\"><div class=\"ultp-block-content-wrap\"><div class=\"ultp-block-image ultp-block-image-opacity\"><a href=\"https:\/\/www.ovigilanteonline.com.br\/site\/2026\/05\/08\/pm-apreende-cocaina-apos-monitorar-ponto-de-trafico-no-bairro-quinta-residencia-em-leopoldina\/\" ><img decoding=\"async\"  class=\"ultp-block-image-content\"  alt=\"PM apreende coca\u00edna ap\u00f3s monitorar ponto de tr\u00e1fico no bairro Quinta Resid\u00eancia em Leopoldina\"  src=\"https:\/\/www.ovigilanteonline.com.br\/site\/wp-content\/uploads\/2026\/05\/WhatsApp-Image-2026-05-08-at-15.12.21.jpeg\" \/><\/a><\/div><div class=\"ultp-block-content\"><h3 class=\"ultp-block-title \"><a href=\"https:\/\/www.ovigilanteonline.com.br\/site\/2026\/05\/08\/pm-apreende-cocaina-apos-monitorar-ponto-de-trafico-no-bairro-quinta-residencia-em-leopoldina\/\" >PM apreende coca\u00edna ap\u00f3s monitorar ponto de tr\u00e1fico no bairro Quinta Resid\u00eancia em Leopoldina<\/a><\/h3><div class=\"ultp-block-meta ultp-block-meta-dot ultp-block-meta-icon\"><\/div><\/div><\/div><\/div><div class=\"ultp-block-item post-id-452560\"><div class=\"ultp-block-content-wrap\"><div class=\"ultp-block-image ultp-block-image-opacity\"><a href=\"https:\/\/www.ovigilanteonline.com.br\/site\/2026\/05\/07\/mulher-e-presa-com-tabletes-de-maconha-durante-fiscalizacao-na-mgc-393-em-alem-paraiba\/\" ><img decoding=\"async\"  class=\"ultp-block-image-content\"  alt=\"Mulher \u00e9 presa com tabletes de maconha durante fiscaliza\u00e7\u00e3o na MGC-393 em Al\u00e9m Para\u00edba\"  src=\"https:\/\/www.ovigilanteonline.com.br\/site\/wp-content\/uploads\/2026\/05\/1sd1521f5.jpeg\" \/><\/a><\/div><div class=\"ultp-block-content\"><h3 class=\"ultp-block-title \"><a href=\"https:\/\/www.ovigilanteonline.com.br\/site\/2026\/05\/07\/mulher-e-presa-com-tabletes-de-maconha-durante-fiscalizacao-na-mgc-393-em-alem-paraiba\/\" >Mulher \u00e9 presa com tabletes de maconha durante fiscaliza\u00e7\u00e3o na MGC-393 em Al\u00e9m Para\u00edba<\/a><\/h3><div class=\"ultp-block-meta ultp-block-meta-dot ultp-block-meta-icon\"><\/div><\/div><\/div><\/div><div class=\"ultp-block-item post-id-452547\"><div class=\"ultp-block-content-wrap\"><div class=\"ultp-block-image ultp-block-image-opacity\"><a href=\"https:\/\/www.ovigilanteonline.com.br\/site\/2026\/05\/06\/homem-e-preso-por-agredir-a-propria-mae-no-bairro-nova-leopoldina\/\" ><img decoding=\"async\"  class=\"ultp-block-image-content\"  alt=\"Homem \u00e9 preso por agredir a pr\u00f3pria m\u00e3e no bairro Nova Leopoldina\"  src=\"https:\/\/www.ovigilanteonline.com.br\/site\/wp-content\/uploads\/2026\/03\/viatura-gcm.jpg\" \/><\/a><\/div><div class=\"ultp-block-content\"><h3 class=\"ultp-block-title \"><a href=\"https:\/\/www.ovigilanteonline.com.br\/site\/2026\/05\/06\/homem-e-preso-por-agredir-a-propria-mae-no-bairro-nova-leopoldina\/\" >Homem \u00e9 preso por agredir a pr\u00f3pria m\u00e3e no bairro Nova Leopoldina<\/a><\/h3><div class=\"ultp-block-meta ultp-block-meta-dot ultp-block-meta-icon\"><\/div><\/div><\/div><\/div><div class=\"ultp-block-item post-id-452540\"><div class=\"ultp-block-content-wrap\"><div class=\"ultp-block-image ultp-block-image-opacity\"><a href=\"https:\/\/www.ovigilanteonline.com.br\/site\/2026\/05\/06\/operacao-contra-o-comando-vermelho-prende-49-pessoas-em-tres-cidades-da-regiao\/\" ><img decoding=\"async\"  class=\"ultp-block-image-content\"  alt=\"Opera\u00e7\u00e3o contra o Comando Vermelho prende 49 pessoas em tr\u00eas cidades da regi\u00e3o\"  src=\"https:\/\/www.ovigilanteonline.com.br\/site\/wp-content\/uploads\/2026\/05\/s6d65sd65.jpg\" \/><\/a><\/div><div class=\"ultp-block-content\"><h3 class=\"ultp-block-title \"><a href=\"https:\/\/www.ovigilanteonline.com.br\/site\/2026\/05\/06\/operacao-contra-o-comando-vermelho-prende-49-pessoas-em-tres-cidades-da-regiao\/\" >Opera\u00e7\u00e3o contra o Comando Vermelho prende 49 pessoas em tr\u00eas cidades da regi\u00e3o<\/a><\/h3><div class=\"ultp-block-meta ultp-block-meta-dot ultp-block-meta-icon\"><\/div><\/div><\/div><\/div><div class=\"ultp-block-item post-id-452519\"><div class=\"ultp-block-content-wrap\"><div class=\"ultp-block-image ultp-block-image-opacity\"><a href=\"https:\/\/www.ovigilanteonline.com.br\/site\/2026\/05\/05\/revolver-e-apreendido-durante-fiscalizacao-de-transito-em-recreio\/\" ><img decoding=\"async\"  class=\"ultp-block-image-content\"  alt=\"Rev\u00f3lver \u00e9 apreendido durante fiscaliza\u00e7\u00e3o de tr\u00e2nsito em Recreio\"  src=\"https:\/\/www.ovigilanteonline.com.br\/site\/wp-content\/uploads\/2026\/05\/WhatsApp-Image-2026-05-05-at-13.08.53.jpeg\" \/><\/a><\/div><div class=\"ultp-block-content\"><h3 class=\"ultp-block-title \"><a href=\"https:\/\/www.ovigilanteonline.com.br\/site\/2026\/05\/05\/revolver-e-apreendido-durante-fiscalizacao-de-transito-em-recreio\/\" >Rev\u00f3lver \u00e9 apreendido durante fiscaliza\u00e7\u00e3o de tr\u00e2nsito em Recreio<\/a><\/h3><div class=\"ultp-block-meta ultp-block-meta-dot ultp-block-meta-icon\"><\/div><\/div><\/div><\/div><div class=\"ultp-block-item post-id-452516\"><div class=\"ultp-block-content-wrap\"><div class=\"ultp-block-image ultp-block-image-opacity\"><a href=\"https:\/\/www.ovigilanteonline.com.br\/site\/2026\/05\/05\/mulher-e-presa-pela-gcm-por-invadir-residencia-no-centro-de-leopoldina\/\" ><img decoding=\"async\"  class=\"ultp-block-image-content\"  alt=\"Mulher \u00e9 presa pela GCM por invadir resid\u00eancia no Centro de Leopoldina\"  src=\"https:\/\/www.ovigilanteonline.com.br\/site\/wp-content\/uploads\/2026\/01\/gcm-2.jpg\" \/><\/a><\/div><div class=\"ultp-block-content\"><h3 class=\"ultp-block-title \"><a href=\"https:\/\/www.ovigilanteonline.com.br\/site\/2026\/05\/05\/mulher-e-presa-pela-gcm-por-invadir-residencia-no-centro-de-leopoldina\/\" >Mulher \u00e9 presa pela GCM por invadir resid\u00eancia no Centro de Leopoldina<\/a><\/h3><div class=\"ultp-block-meta ultp-block-meta-dot ultp-block-meta-icon\"><\/div><\/div><\/div><\/div><div class=\"ultp-block-item post-id-452504\"><div class=\"ultp-block-content-wrap\"><div class=\"ultp-block-image ultp-block-image-opacity\"><a href=\"https:\/\/www.ovigilanteonline.com.br\/site\/2026\/05\/05\/carga-avaliada-em-mais-de-r-1-milhao-em-cigarros-irregulares-e-apreendida-na-mgc-393-em-alem-paraiba\/\" ><img decoding=\"async\"  class=\"ultp-block-image-content\"  alt=\"Carga avaliada em mais de R$ 1 milh\u00e3o em cigarros irregulares \u00e9 apreendida na MGC-393 em Al\u00e9m Para\u00edba\"  src=\"https:\/\/www.ovigilanteonline.com.br\/site\/wp-content\/uploads\/2026\/05\/WhatsApp-Image-2026-05-05-at-07.46.01.jpeg\" \/><\/a><\/div><div class=\"ultp-block-content\"><h3 class=\"ultp-block-title \"><a href=\"https:\/\/www.ovigilanteonline.com.br\/site\/2026\/05\/05\/carga-avaliada-em-mais-de-r-1-milhao-em-cigarros-irregulares-e-apreendida-na-mgc-393-em-alem-paraiba\/\" >Carga avaliada em mais de R$ 1 milh\u00e3o em cigarros irregulares \u00e9 apreendida na MGC-393 em Al\u00e9m Para\u00edba<\/a><\/h3><div class=\"ultp-block-meta ultp-block-meta-dot ultp-block-meta-icon\"><\/div><\/div><\/div><\/div><\/div><div class=\"ultp-pagination-wrap ultp-pagination-ajax-action\" data-paged=\"1\" data-expost=\"\"  data-blockid=\"8ef5a4\" data-postid=\"385318\" data-pages=\"159\" data-blockname=\"ultimate-post_post-grid-1\" data-selfpostid=\"no\"><ul class=\"ultp-pagination\"><li class=\"ultp-prev-page-numbers\" style=\"display:none\"><a href=\"https:\/\/www.ovigilanteonline.com.br\/site\/wp-json\/wp\/v2\/pages\/385318\/\"><svg xmlns=\"http:\/\/www.w3.org\/2000\/svg\" fill=\"none\" viewBox=\"0 0 24 24\">\n  <path stroke=\"currentColor\" stroke-linecap=\"round\" stroke-linejoin=\"round\" stroke-width=\"1.5\" d=\"m15 18-6-6 6-6\"\/>\n<\/svg>\n Antes<\/a><\/li><li class=\"ultp-first-pages\" style=\"display:none\" data-current=\"1\"><a href=\"https:\/\/www.ovigilanteonline.com.br\/site\/wp-json\/wp\/v2\/pages\/385318\/\">1<\/a><\/li><li class=\"ultp-first-dot\"style=\"display:none\"><a href=\"#\">&#8230;<\/a><\/li><li class=\"ultp-center-item pagination-active\" data-current=\"1\"><a href=\"https:\/\/www.ovigilanteonline.com.br\/site\/wp-json\/wp\/v2\/pages\/385318\/\">1<\/a><\/li><li class=\"ultp-center-item\" data-current=\"2\" ><a href=\"https:\/\/www.ovigilanteonline.com.br\/site\/wp-json\/wp\/v2\/pages\/385318\/page\/2\/\">2<\/a><\/li><li class=\"ultp-center-item\" data-current=\"3\" ><a href=\"https:\/\/www.ovigilanteonline.com.br\/site\/wp-json\/wp\/v2\/pages\/385318\/page\/3\/\">3<\/a><\/li><li class=\"ultp-last-dot\" ><a href=\"#\">&#8230;<\/a><\/li><li class=\"ultp-last-pages\" data-current=\"159\"><a href=\"https:\/\/www.ovigilanteonline.com.br\/site\/wp-json\/wp\/v2\/pages\/385318\/page\/159\/\">159<\/a><\/li><li class=\"ultp-next-page-numbers\"><a href=\"https:\/\/www.ovigilanteonline.com.br\/site\/wp-json\/wp\/v2\/pages\/385318\/page\/2\/\">Pr\u00f3ximo<svg xmlns=\"http:\/\/www.w3.org\/2000\/svg\" fill=\"none\" viewBox=\"0 0 24 24\">\n  <path stroke=\"currentColor\" stroke-linecap=\"round\" stroke-linejoin=\"round\" stroke-width=\"1.5\" d=\"m9 18 6-6-6-6\"\/>\n<\/svg>\n<\/a><\/li><\/ul><\/div><\/div><div class=\"pagination-block-html\" aria-hidden=\"true\" style=\"display: none;\"><\/div><\/div><\/div>\n<\/div>\n\n\n<div style=\"margin-left: auto; margin-right: auto; text-align: center; \" id=\"ovigi-395266950\">\r\n<p class=\"has-text-align-center has-small-font-size\">continua depois da publicidade<\/p>\r\n\r\n\r\n\r\n<hr class=\"wp-block-separator has-alpha-channel-opacity is-style-wide\"\/>\r\n\r\n\r\n<div id=\"ovigi-1622775491\"><a href=\"https:\/\/www.instagram.com\/cartosolarmg\/\" target=\"_blank\" aria-label=\"carto solar\"><img loading=\"lazy\" decoding=\"async\" src=\"https:\/\/www.ovigilanteonline.com.br\/site\/wp-content\/uploads\/2023\/05\/carto-solar-2-jpg.webp\" alt=\"\"  srcset=\"https:\/\/www.ovigilanteonline.com.br\/site\/wp-content\/uploads\/2023\/05\/carto-solar-2-jpg.webp 900w, https:\/\/www.ovigilanteonline.com.br\/site\/wp-content\/uploads\/2023\/05\/carto-solar-2-300x121.webp 300w, https:\/\/www.ovigilanteonline.com.br\/site\/wp-content\/uploads\/2023\/05\/carto-solar-2-768x311.webp 768w, https:\/\/www.ovigilanteonline.com.br\/site\/wp-content\/uploads\/2023\/05\/carto-solar-2-600x243.webp 600w\" sizes=\"auto, (max-width: 900px) 100vw, 900px\" width=\"900\" height=\"364\"   \/><\/a><\/div>\r\n\r\n\r\n<hr class=\"wp-block-separator has-alpha-channel-opacity is-style-wide\"\/>\r\n<\/div>","protected":false},"excerpt":{"rendered":"","protected":false},"author":1,"featured_media":0,"parent":0,"menu_order":0,"comment_status":"closed","ping_status":"closed","template":"","meta":{"footnotes":""},"class_list":["post-385318","page","type-page","status-publish","hentry"],"yoast_head":"<!-- This site is optimized with the Yoast SEO plugin v27.5 - https:\/\/yoast.com\/product\/yoast-seo-wordpress\/ -->\n<title>POL\u00cdCIA - O VIGILANTE ONLINE<\/title>\n<meta name=\"robots\" content=\"index, follow, max-snippet:-1, max-image-preview:large, max-video-preview:-1\" \/>\n<link rel=\"canonical\" href=\"https:\/\/www.ovigilanteonline.com.br\/site\/policia\/\" \/>\n<meta property=\"og:locale\" content=\"pt_BR\" \/>\n<meta property=\"og:type\" content=\"article\" \/>\n<meta property=\"og:title\" content=\"POL\u00cdCIA - O VIGILANTE ONLINE\" \/>\n<meta property=\"og:url\" content=\"https:\/\/www.ovigilanteonline.com.br\/site\/policia\/\" \/>\n<meta property=\"og:site_name\" content=\"O VIGILANTE ONLINE\" \/>\n<meta property=\"article:publisher\" content=\"https:\/\/www.facebook.com\/ovigilanteonline\" \/>\n<meta property=\"article:modified_time\" content=\"2022-06-05T03:24:42+00:00\" \/>\n<meta property=\"og:image\" content=\"https:\/\/www.ovigilanteonline.com.br\/site\/wp-content\/uploads\/2021\/03\/OV-LOGO-BRANCO.png\" \/>\n\t<meta property=\"og:image:width\" content=\"710\" \/>\n\t<meta property=\"og:image:height\" content=\"376\" \/>\n\t<meta property=\"og:image:type\" content=\"image\/png\" \/>\n<meta name=\"twitter:card\" content=\"summary_large_image\" \/>\n<script type=\"application\/ld+json\" class=\"yoast-schema-graph\">{\"@context\":\"https:\\\/\\\/schema.org\",\"@graph\":[{\"@type\":\"WebPage\",\"@id\":\"https:\\\/\\\/www.ovigilanteonline.com.br\\\/site\\\/policia\\\/\",\"url\":\"https:\\\/\\\/www.ovigilanteonline.com.br\\\/site\\\/policia\\\/\",\"name\":\"POL\u00cdCIA - O VIGILANTE ONLINE\",\"isPartOf\":{\"@id\":\"https:\\\/\\\/www.ovigilanteonline.com.br\\\/site\\\/#website\"},\"datePublished\":\"2021-04-19T18:35:58+00:00\",\"dateModified\":\"2022-06-05T03:24:42+00:00\",\"breadcrumb\":{\"@id\":\"https:\\\/\\\/www.ovigilanteonline.com.br\\\/site\\\/policia\\\/#breadcrumb\"},\"inLanguage\":\"pt-BR\",\"potentialAction\":[{\"@type\":\"ReadAction\",\"target\":[\"https:\\\/\\\/www.ovigilanteonline.com.br\\\/site\\\/policia\\\/\"]}]},{\"@type\":\"BreadcrumbList\",\"@id\":\"https:\\\/\\\/www.ovigilanteonline.com.br\\\/site\\\/policia\\\/#breadcrumb\",\"itemListElement\":[{\"@type\":\"ListItem\",\"position\":1,\"name\":\"In\u00edcio\",\"item\":\"https:\\\/\\\/www.ovigilanteonline.com.br\\\/site\\\/\"},{\"@type\":\"ListItem\",\"position\":2,\"name\":\"POL\u00cdCIA\"}]},{\"@type\":\"WebSite\",\"@id\":\"https:\\\/\\\/www.ovigilanteonline.com.br\\\/site\\\/#website\",\"url\":\"https:\\\/\\\/www.ovigilanteonline.com.br\\\/site\\\/\",\"name\":\"O VIGILANTE ONLINE - Not\u00edcias de Leopoldina e regi\u00e3o\",\"description\":\"\",\"potentialAction\":[{\"@type\":\"SearchAction\",\"target\":{\"@type\":\"EntryPoint\",\"urlTemplate\":\"https:\\\/\\\/www.ovigilanteonline.com.br\\\/site\\\/?s={search_term_string}\"},\"query-input\":{\"@type\":\"PropertyValueSpecification\",\"valueRequired\":true,\"valueName\":\"search_term_string\"}}],\"inLanguage\":\"pt-BR\"}]}<\/script>\n<!-- \/ Yoast SEO plugin. -->","yoast_head_json":{"title":"POL\u00cdCIA - O VIGILANTE ONLINE","robots":{"index":"index","follow":"follow","max-snippet":"max-snippet:-1","max-image-preview":"max-image-preview:large","max-video-preview":"max-video-preview:-1"},"canonical":"https:\/\/www.ovigilanteonline.com.br\/site\/policia\/","og_locale":"pt_BR","og_type":"article","og_title":"POL\u00cdCIA - O VIGILANTE ONLINE","og_url":"https:\/\/www.ovigilanteonline.com.br\/site\/policia\/","og_site_name":"O VIGILANTE ONLINE","article_publisher":"https:\/\/www.facebook.com\/ovigilanteonline","article_modified_time":"2022-06-05T03:24:42+00:00","og_image":[{"width":710,"height":376,"url":"https:\/\/www.ovigilanteonline.com.br\/site\/wp-content\/uploads\/2021\/03\/OV-LOGO-BRANCO.png","type":"image\/png"}],"twitter_card":"summary_large_image","schema":{"@context":"https:\/\/schema.org","@graph":[{"@type":"WebPage","@id":"https:\/\/www.ovigilanteonline.com.br\/site\/policia\/","url":"https:\/\/www.ovigilanteonline.com.br\/site\/policia\/","name":"POL\u00cdCIA - O VIGILANTE ONLINE","isPartOf":{"@id":"https:\/\/www.ovigilanteonline.com.br\/site\/#website"},"datePublished":"2021-04-19T18:35:58+00:00","dateModified":"2022-06-05T03:24:42+00:00","breadcrumb":{"@id":"https:\/\/www.ovigilanteonline.com.br\/site\/policia\/#breadcrumb"},"inLanguage":"pt-BR","potentialAction":[{"@type":"ReadAction","target":["https:\/\/www.ovigilanteonline.com.br\/site\/policia\/"]}]},{"@type":"BreadcrumbList","@id":"https:\/\/www.ovigilanteonline.com.br\/site\/policia\/#breadcrumb","itemListElement":[{"@type":"ListItem","position":1,"name":"In\u00edcio","item":"https:\/\/www.ovigilanteonline.com.br\/site\/"},{"@type":"ListItem","position":2,"name":"POL\u00cdCIA"}]},{"@type":"WebSite","@id":"https:\/\/www.ovigilanteonline.com.br\/site\/#website","url":"https:\/\/www.ovigilanteonline.com.br\/site\/","name":"O VIGILANTE ONLINE - Not\u00edcias de Leopoldina e regi\u00e3o","description":"","potentialAction":[{"@type":"SearchAction","target":{"@type":"EntryPoint","urlTemplate":"https:\/\/www.ovigilanteonline.com.br\/site\/?s={search_term_string}"},"query-input":{"@type":"PropertyValueSpecification","valueRequired":true,"valueName":"search_term_string"}}],"inLanguage":"pt-BR"}]}},"_links":{"self":[{"href":"https:\/\/www.ovigilanteonline.com.br\/site\/wp-json\/wp\/v2\/pages\/385318","targetHints":{"allow":["GET"]}}],"collection":[{"href":"https:\/\/www.ovigilanteonline.com.br\/site\/wp-json\/wp\/v2\/pages"}],"about":[{"href":"https:\/\/www.ovigilanteonline.com.br\/site\/wp-json\/wp\/v2\/types\/page"}],"author":[{"embeddable":true,"href":"https:\/\/www.ovigilanteonline.com.br\/site\/wp-json\/wp\/v2\/users\/1"}],"replies":[{"embeddable":true,"href":"https:\/\/www.ovigilanteonline.com.br\/site\/wp-json\/wp\/v2\/comments?post=385318"}],"version-history":[{"count":0,"href":"https:\/\/www.ovigilanteonline.com.br\/site\/wp-json\/wp\/v2\/pages\/385318\/revisions"}],"wp:attachment":[{"href":"https:\/\/www.ovigilanteonline.com.br\/site\/wp-json\/wp\/v2\/media?parent=385318"}],"curies":[{"name":"wp","href":"https:\/\/api.w.org\/{rel}","templated":true}]}}