{"id":385316,"date":"2021-04-19T15:34:49","date_gmt":"2021-04-19T18:34:49","guid":{"rendered":"https:\/\/ovigilanteonline.com.br\/site\/?page_id=385316"},"modified":"2022-06-05T00:24:58","modified_gmt":"2022-06-05T03:24:58","slug":"regiao","status":"publish","type":"page","link":"https:\/\/www.ovigilanteonline.com.br\/site\/regiao\/","title":{"rendered":"REGI\u00c3O"},"content":{"rendered":"\n\n\n<hr class=\"wp-block-separator has-alpha-channel-opacity\"\/>\n\n\n<div style=\"margin-left: auto; margin-right: auto; text-align: center; \" id=\"ovigi-1465374920\">\r\n<p class=\"has-text-align-center has-small-font-size\">continua depois da publicidade<\/p>\r\n\r\n\r\n\r\n<hr class=\"wp-block-separator has-alpha-channel-opacity is-style-wide\"\/>\r\n\r\n\r\n<div id=\"ovigi-1731984721\"><a href=\"https:\/\/www.instagram.com\/cartosolarmg\/\" target=\"_blank\" aria-label=\"carto solar\"><img loading=\"lazy\" decoding=\"async\" src=\"https:\/\/www.ovigilanteonline.com.br\/site\/wp-content\/uploads\/2023\/05\/carto-solar-2-jpg.webp\" alt=\"\"  srcset=\"https:\/\/www.ovigilanteonline.com.br\/site\/wp-content\/uploads\/2023\/05\/carto-solar-2-jpg.webp 900w, https:\/\/www.ovigilanteonline.com.br\/site\/wp-content\/uploads\/2023\/05\/carto-solar-2-300x121.webp 300w, https:\/\/www.ovigilanteonline.com.br\/site\/wp-content\/uploads\/2023\/05\/carto-solar-2-768x311.webp 768w, https:\/\/www.ovigilanteonline.com.br\/site\/wp-content\/uploads\/2023\/05\/carto-solar-2-600x243.webp 600w\" sizes=\"auto, (max-width: 900px) 100vw, 900px\" width=\"900\" height=\"364\"   \/><\/a><\/div>\r\n\r\n\r\n<hr class=\"wp-block-separator has-alpha-channel-opacity is-style-wide\"\/>\r\n<\/div>\n\n\n<hr class=\"wp-block-separator has-alpha-channel-opacity\"\/>\n\n\n\n<div class=\"wp-block-columns is-layout-flex wp-container-core-columns-is-layout-9d6595d7 wp-block-columns-is-layout-flex\">\n<div class=\"wp-block-column is-vertically-aligned-center is-layout-flow wp-block-column-is-layout-flow\" style=\"flex-basis:100%\"><div  class=\"ultp-post-grid-block wp-block-ultimate-post-post-grid-1 ultp-block-636f60\"><div class=\"ultp-block-wrapper\"><div class=\"ultp-loading\"><div class=\"ultp-loading-blocks\" style=\"width:100%;height:100%;\"><div style=\"left: 0;top: 0;animation-delay:0s;\"><\/div><div style=\"left: 21px;top: 0;animation-delay:0.125s;\"><\/div><div style=\"left: 42px;top: 0;animation-delay:0.25s;\"><\/div><div style=\"left: 0;top: 21px;animation-delay:0.875s;\"><\/div><div style=\"left: 42px;top: 21px;animation-delay:0.375s;\"><\/div><div style=\"left: 0;top: 42px;animation-delay:0.75s;\"><\/div><div style=\"left: 42px;top: 42px;animation-delay:0.625s;\"><\/div><div style=\"left: 21px;top: 42px;animation-delay:0.5s;\"><\/div><\/div><\/div><div class=\"ultp-heading-filter\"><div class=\"ultp-heading-filter-in\"><div class=\"ultp-filter-navigation\"><\/div><\/div><\/div><div class=\"ultp-block-items-wrap ultp-block-row ultp-pg1a-style1 ultp-grid1-responsive ultp-block-column-3 ultp-sm-column-1 ultp-xs-column-1 ultp-layout1\"><div class=\"ultp-block-item post-id-452858\"><div class=\"ultp-block-content-wrap\"><div class=\"ultp-block-image ultp-block-image-opacity\"><a href=\"https:\/\/www.ovigilanteonline.com.br\/site\/2026\/05\/13\/mais-de-52-mil-familias-em-minas-podem-ter-desconto-na-conta-de-luz-e-ainda-nao-recebem-beneficio\/\" ><img decoding=\"async\"  class=\"ultp-block-image-content\"  alt=\"Mais de 52 mil fam\u00edlias em Minas podem ter desconto na conta de luz e ainda n\u00e3o recebem benef\u00edcio\"  src=\"https:\/\/www.ovigilanteonline.com.br\/site\/wp-content\/uploads\/2025\/04\/image001-2.png\" \/><\/a><\/div><div class=\"ultp-block-content\"><h3 class=\"ultp-block-title \"><a href=\"https:\/\/www.ovigilanteonline.com.br\/site\/2026\/05\/13\/mais-de-52-mil-familias-em-minas-podem-ter-desconto-na-conta-de-luz-e-ainda-nao-recebem-beneficio\/\" >Mais de 52 mil fam\u00edlias em Minas podem ter desconto na conta de luz e ainda n\u00e3o recebem benef\u00edcio<\/a><\/h3><div class=\"ultp-block-meta ultp-block-meta-dot ultp-block-meta-icon\"><\/div><\/div><\/div><\/div><div class=\"ultp-block-item post-id-452847\"><div class=\"ultp-block-content-wrap\"><div class=\"ultp-block-image ultp-block-image-opacity\"><a href=\"https:\/\/www.ovigilanteonline.com.br\/site\/2026\/05\/12\/carro-pega-fogo-na-br-116-em-muriae-e-mobiliza-corpo-de-bombeiros\/\" ><img decoding=\"async\"  class=\"ultp-block-image-content\"  alt=\"Carro pega fogo na BR-116 em Muria\u00e9 e mobiliza Corpo de Bombeiros\"  src=\"https:\/\/www.ovigilanteonline.com.br\/site\/wp-content\/uploads\/2026\/05\/WhatsApp-Image-2026-05-12-at-15.04.24-1.jpeg\" \/><\/a><\/div><div class=\"ultp-block-content\"><h3 class=\"ultp-block-title \"><a href=\"https:\/\/www.ovigilanteonline.com.br\/site\/2026\/05\/12\/carro-pega-fogo-na-br-116-em-muriae-e-mobiliza-corpo-de-bombeiros\/\" >Carro pega fogo na BR-116 em Muria\u00e9 e mobiliza Corpo de Bombeiros<\/a><\/h3><div class=\"ultp-block-meta ultp-block-meta-dot ultp-block-meta-icon\"><\/div><\/div><\/div><\/div><div class=\"ultp-block-item post-id-452842\"><div class=\"ultp-block-content-wrap\"><div class=\"ultp-block-image ultp-block-image-opacity\"><a href=\"https:\/\/www.ovigilanteonline.com.br\/site\/2026\/05\/12\/caminhao-carregado-com-esquadrias-de-aluminio-tomba-na-serra-de-argirita\/\" ><img decoding=\"async\"  class=\"ultp-block-image-content\"  alt=\"Caminh\u00e3o carregado com esquadrias de alum\u00ednio tomba na Serra de Argirita\"  src=\"https:\/\/www.ovigilanteonline.com.br\/site\/wp-content\/uploads\/2026\/05\/WhatsApp-Image-2026-05-12-at-07.17.38-1.jpeg\" \/><\/a><\/div><div class=\"ultp-block-content\"><h3 class=\"ultp-block-title \"><a href=\"https:\/\/www.ovigilanteonline.com.br\/site\/2026\/05\/12\/caminhao-carregado-com-esquadrias-de-aluminio-tomba-na-serra-de-argirita\/\" >Caminh\u00e3o carregado com esquadrias de alum\u00ednio tomba na Serra de Argirita<\/a><\/h3><div class=\"ultp-block-meta ultp-block-meta-dot ultp-block-meta-icon\"><\/div><\/div><\/div><\/div><div class=\"ultp-block-item post-id-452829\"><div class=\"ultp-block-content-wrap\"><div class=\"ultp-block-image ultp-block-image-opacity\"><a href=\"https:\/\/www.ovigilanteonline.com.br\/site\/2026\/05\/12\/carro-invade-contramao-bate-em-carreta-e-motorista-morre-na-br-267-em-argirita\/\" ><img decoding=\"async\"  class=\"ultp-block-image-content\"  alt=\"Carro invade contram\u00e3o, bate em carreta e motorista morre na BR-267 em Argirita\"  src=\"https:\/\/www.ovigilanteonline.com.br\/site\/wp-content\/uploads\/2022\/01\/prf-leopoldina.jpg\" \/><\/a><\/div><div class=\"ultp-block-content\"><h3 class=\"ultp-block-title \"><a href=\"https:\/\/www.ovigilanteonline.com.br\/site\/2026\/05\/12\/carro-invade-contramao-bate-em-carreta-e-motorista-morre-na-br-267-em-argirita\/\" >Carro invade contram\u00e3o, bate em carreta e motorista morre na BR-267 em Argirita<\/a><\/h3><div class=\"ultp-block-meta ultp-block-meta-dot ultp-block-meta-icon\"><\/div><\/div><\/div><\/div><div class=\"ultp-block-item post-id-452794\"><div class=\"ultp-block-content-wrap\"><div class=\"ultp-block-image ultp-block-image-opacity\"><a href=\"https:\/\/www.ovigilanteonline.com.br\/site\/2026\/05\/11\/cantora-de-recreio-ganha-destaque-nacional-apos-apresentacao-em-programa-gospel-de-tv\/\" ><img decoding=\"async\"  class=\"ultp-block-image-content\"  alt=\"Cantora de Recreio ganha destaque nacional ap\u00f3s apresenta\u00e7\u00e3o em programa gospel de TV\"  src=\"https:\/\/www.ovigilanteonline.com.br\/site\/wp-content\/uploads\/2026\/05\/WhatsApp-Image-2026-05-10-at-14.39.01.jpeg\" \/><\/a><\/div><div class=\"ultp-block-content\"><h3 class=\"ultp-block-title \"><a href=\"https:\/\/www.ovigilanteonline.com.br\/site\/2026\/05\/11\/cantora-de-recreio-ganha-destaque-nacional-apos-apresentacao-em-programa-gospel-de-tv\/\" >Cantora de Recreio ganha destaque nacional ap\u00f3s apresenta\u00e7\u00e3o em programa gospel de TV<\/a><\/h3><div class=\"ultp-block-meta ultp-block-meta-dot ultp-block-meta-icon\"><\/div><\/div><\/div><\/div><div class=\"ultp-block-item post-id-452625\"><div class=\"ultp-block-content-wrap\"><div class=\"ultp-block-image ultp-block-image-opacity\"><a href=\"https:\/\/www.ovigilanteonline.com.br\/site\/2026\/05\/08\/caminhoneiro-sobrevive-a-acidente-impressionante-e-e-salvo-em-operacao-de-resgate-na-estrada-mirai-muriae\/\" ><img decoding=\"async\"  class=\"ultp-block-image-content\"  alt=\"Caminhoneiro sobrevive a acidente impressionante e \u00e9 salvo em opera\u00e7\u00e3o de resgate na estrada Mira\u00ed-Muria\u00e9\"  src=\"https:\/\/www.ovigilanteonline.com.br\/site\/wp-content\/uploads\/2026\/05\/fd26sf6sd6f.jpg\" \/><\/a><\/div><div class=\"ultp-block-content\"><h3 class=\"ultp-block-title \"><a href=\"https:\/\/www.ovigilanteonline.com.br\/site\/2026\/05\/08\/caminhoneiro-sobrevive-a-acidente-impressionante-e-e-salvo-em-operacao-de-resgate-na-estrada-mirai-muriae\/\" >Caminhoneiro sobrevive a acidente impressionante e \u00e9 salvo em opera\u00e7\u00e3o de resgate na estrada Mira\u00ed-Muria\u00e9<\/a><\/h3><div class=\"ultp-block-meta ultp-block-meta-dot ultp-block-meta-icon\"><\/div><\/div><\/div><\/div><div class=\"ultp-block-item post-id-452560\"><div class=\"ultp-block-content-wrap\"><div class=\"ultp-block-image ultp-block-image-opacity\"><a href=\"https:\/\/www.ovigilanteonline.com.br\/site\/2026\/05\/07\/mulher-e-presa-com-tabletes-de-maconha-durante-fiscalizacao-na-mgc-393-em-alem-paraiba\/\" ><img decoding=\"async\"  class=\"ultp-block-image-content\"  alt=\"Mulher \u00e9 presa com tabletes de maconha durante fiscaliza\u00e7\u00e3o na MGC-393 em Al\u00e9m Para\u00edba\"  src=\"https:\/\/www.ovigilanteonline.com.br\/site\/wp-content\/uploads\/2026\/05\/1sd1521f5.jpeg\" \/><\/a><\/div><div class=\"ultp-block-content\"><h3 class=\"ultp-block-title \"><a href=\"https:\/\/www.ovigilanteonline.com.br\/site\/2026\/05\/07\/mulher-e-presa-com-tabletes-de-maconha-durante-fiscalizacao-na-mgc-393-em-alem-paraiba\/\" >Mulher \u00e9 presa com tabletes de maconha durante fiscaliza\u00e7\u00e3o na MGC-393 em Al\u00e9m Para\u00edba<\/a><\/h3><div class=\"ultp-block-meta ultp-block-meta-dot ultp-block-meta-icon\"><\/div><\/div><\/div><\/div><div class=\"ultp-block-item post-id-452540\"><div class=\"ultp-block-content-wrap\"><div class=\"ultp-block-image ultp-block-image-opacity\"><a href=\"https:\/\/www.ovigilanteonline.com.br\/site\/2026\/05\/06\/operacao-contra-o-comando-vermelho-prende-49-pessoas-em-tres-cidades-da-regiao\/\" ><img decoding=\"async\"  class=\"ultp-block-image-content\"  alt=\"Opera\u00e7\u00e3o contra o Comando Vermelho prende 49 pessoas em tr\u00eas cidades da regi\u00e3o\"  src=\"https:\/\/www.ovigilanteonline.com.br\/site\/wp-content\/uploads\/2026\/05\/s6d65sd65.jpg\" \/><\/a><\/div><div class=\"ultp-block-content\"><h3 class=\"ultp-block-title \"><a href=\"https:\/\/www.ovigilanteonline.com.br\/site\/2026\/05\/06\/operacao-contra-o-comando-vermelho-prende-49-pessoas-em-tres-cidades-da-regiao\/\" >Opera\u00e7\u00e3o contra o Comando Vermelho prende 49 pessoas em tr\u00eas cidades da regi\u00e3o<\/a><\/h3><div class=\"ultp-block-meta ultp-block-meta-dot ultp-block-meta-icon\"><\/div><\/div><\/div><\/div><div class=\"ultp-block-item post-id-452537\"><div class=\"ultp-block-content-wrap\"><div class=\"ultp-block-image ultp-block-image-opacity\"><a href=\"https:\/\/www.ovigilanteonline.com.br\/site\/2026\/05\/06\/decisao-do-tre-afasta-acusacoes-e-confirma-resultado-das-eleicoes-em-argirita\/\" ><img decoding=\"async\"  class=\"ultp-block-image-content\"  alt=\"Decis\u00e3o do TRE afasta acusa\u00e7\u00f5es e confirma resultado das elei\u00e7\u00f5es em Argirita\"  src=\"https:\/\/www.ovigilanteonline.com.br\/site\/wp-content\/uploads\/2026\/05\/victor-simas.jpeg\" \/><\/a><\/div><div class=\"ultp-block-content\"><h3 class=\"ultp-block-title \"><a href=\"https:\/\/www.ovigilanteonline.com.br\/site\/2026\/05\/06\/decisao-do-tre-afasta-acusacoes-e-confirma-resultado-das-eleicoes-em-argirita\/\" >Decis\u00e3o do TRE afasta acusa\u00e7\u00f5es e confirma resultado das elei\u00e7\u00f5es em Argirita<\/a><\/h3><div class=\"ultp-block-meta ultp-block-meta-dot ultp-block-meta-icon\"><\/div><\/div><\/div><\/div><div class=\"ultp-block-item post-id-452530\"><div class=\"ultp-block-content-wrap\"><div class=\"ultp-block-image ultp-block-image-opacity\"><a href=\"https:\/\/www.ovigilanteonline.com.br\/site\/2026\/05\/06\/familia-procura-por-homem-desaparecido-apos-surto-em-terminal-rodoviario\/\" ><img decoding=\"async\"  class=\"ultp-block-image-content\"  alt=\"Fam\u00edlia procura por homem desaparecido ap\u00f3s surto em terminal rodovi\u00e1rio\"  src=\"https:\/\/www.ovigilanteonline.com.br\/site\/wp-content\/uploads\/2026\/05\/233223.jpeg\" \/><\/a><\/div><div class=\"ultp-block-content\"><h3 class=\"ultp-block-title \"><a href=\"https:\/\/www.ovigilanteonline.com.br\/site\/2026\/05\/06\/familia-procura-por-homem-desaparecido-apos-surto-em-terminal-rodoviario\/\" >Fam\u00edlia procura por homem desaparecido ap\u00f3s surto em terminal rodovi\u00e1rio<\/a><\/h3><div class=\"ultp-block-meta ultp-block-meta-dot ultp-block-meta-icon\"><\/div><\/div><\/div><\/div><div class=\"ultp-block-item post-id-452524\"><div class=\"ultp-block-content-wrap\"><div class=\"ultp-block-image ultp-block-image-opacity\"><a href=\"https:\/\/www.ovigilanteonline.com.br\/site\/2026\/05\/06\/camara-de-cataguases-abre-concurso-publico-com-salarios-de-ate-r-61-mil\/\" ><img decoding=\"async\"  class=\"ultp-block-image-content\"  alt=\"C\u00e2mara de Cataguases abre concurso p\u00fablico com sal\u00e1rios de at\u00e9 R$ 6,1 mil\"  src=\"https:\/\/www.ovigilanteonline.com.br\/site\/wp-content\/uploads\/2026\/05\/camara-cataguases-2.jpg\" \/><\/a><\/div><div class=\"ultp-block-content\"><h3 class=\"ultp-block-title \"><a href=\"https:\/\/www.ovigilanteonline.com.br\/site\/2026\/05\/06\/camara-de-cataguases-abre-concurso-publico-com-salarios-de-ate-r-61-mil\/\" >C\u00e2mara de Cataguases abre concurso p\u00fablico com sal\u00e1rios de at\u00e9 R$ 6,1 mil<\/a><\/h3><div class=\"ultp-block-meta ultp-block-meta-dot ultp-block-meta-icon\"><\/div><\/div><\/div><\/div><div class=\"ultp-block-item post-id-452519\"><div class=\"ultp-block-content-wrap\"><div class=\"ultp-block-image ultp-block-image-opacity\"><a href=\"https:\/\/www.ovigilanteonline.com.br\/site\/2026\/05\/05\/revolver-e-apreendido-durante-fiscalizacao-de-transito-em-recreio\/\" ><img decoding=\"async\"  class=\"ultp-block-image-content\"  alt=\"Rev\u00f3lver \u00e9 apreendido durante fiscaliza\u00e7\u00e3o de tr\u00e2nsito em Recreio\"  src=\"https:\/\/www.ovigilanteonline.com.br\/site\/wp-content\/uploads\/2026\/05\/WhatsApp-Image-2026-05-05-at-13.08.53.jpeg\" \/><\/a><\/div><div class=\"ultp-block-content\"><h3 class=\"ultp-block-title \"><a href=\"https:\/\/www.ovigilanteonline.com.br\/site\/2026\/05\/05\/revolver-e-apreendido-durante-fiscalizacao-de-transito-em-recreio\/\" >Rev\u00f3lver \u00e9 apreendido durante fiscaliza\u00e7\u00e3o de tr\u00e2nsito em Recreio<\/a><\/h3><div class=\"ultp-block-meta ultp-block-meta-dot ultp-block-meta-icon\"><\/div><\/div><\/div><\/div><\/div><div class=\"ultp-pagination-wrap ultp-pagination-ajax-action\" data-paged=\"1\" data-expost=\"\"  data-blockid=\"636f60\" data-postid=\"385316\" data-pages=\"229\" data-blockname=\"ultimate-post_post-grid-1\" data-selfpostid=\"no\"><ul class=\"ultp-pagination\"><li class=\"ultp-prev-page-numbers\" style=\"display:none\"><a href=\"https:\/\/www.ovigilanteonline.com.br\/site\/wp-json\/wp\/v2\/pages\/385316\/\"><svg xmlns=\"http:\/\/www.w3.org\/2000\/svg\" fill=\"none\" viewBox=\"0 0 24 24\">\n  <path stroke=\"currentColor\" stroke-linecap=\"round\" stroke-linejoin=\"round\" stroke-width=\"1.5\" d=\"m15 18-6-6 6-6\"\/>\n<\/svg>\n Antes<\/a><\/li><li class=\"ultp-first-pages\" style=\"display:none\" data-current=\"1\"><a href=\"https:\/\/www.ovigilanteonline.com.br\/site\/wp-json\/wp\/v2\/pages\/385316\/\">1<\/a><\/li><li class=\"ultp-first-dot\"style=\"display:none\"><a href=\"#\">&#8230;<\/a><\/li><li class=\"ultp-center-item pagination-active\" data-current=\"1\"><a href=\"https:\/\/www.ovigilanteonline.com.br\/site\/wp-json\/wp\/v2\/pages\/385316\/\">1<\/a><\/li><li class=\"ultp-center-item\" data-current=\"2\" ><a href=\"https:\/\/www.ovigilanteonline.com.br\/site\/wp-json\/wp\/v2\/pages\/385316\/page\/2\/\">2<\/a><\/li><li class=\"ultp-center-item\" data-current=\"3\" ><a href=\"https:\/\/www.ovigilanteonline.com.br\/site\/wp-json\/wp\/v2\/pages\/385316\/page\/3\/\">3<\/a><\/li><li class=\"ultp-last-dot\" ><a href=\"#\">&#8230;<\/a><\/li><li class=\"ultp-last-pages\" data-current=\"229\"><a href=\"https:\/\/www.ovigilanteonline.com.br\/site\/wp-json\/wp\/v2\/pages\/385316\/page\/229\/\">229<\/a><\/li><li class=\"ultp-next-page-numbers\"><a href=\"https:\/\/www.ovigilanteonline.com.br\/site\/wp-json\/wp\/v2\/pages\/385316\/page\/2\/\">Pr\u00f3ximo<svg xmlns=\"http:\/\/www.w3.org\/2000\/svg\" fill=\"none\" viewBox=\"0 0 24 24\">\n  <path stroke=\"currentColor\" stroke-linecap=\"round\" stroke-linejoin=\"round\" stroke-width=\"1.5\" d=\"m9 18 6-6-6-6\"\/>\n<\/svg>\n<\/a><\/li><\/ul><\/div><\/div><div class=\"pagination-block-html\" aria-hidden=\"true\" style=\"display: none;\"><\/div><\/div><\/div>\n<\/div>\n\n\n<div style=\"margin-left: auto; margin-right: auto; text-align: center; \" id=\"ovigi-1865328728\">\r\n<p class=\"has-text-align-center has-small-font-size\">continua depois da publicidade<\/p>\r\n\r\n\r\n\r\n<hr class=\"wp-block-separator has-alpha-channel-opacity is-style-wide\"\/>\r\n\r\n\r\n<div id=\"ovigi-745150152\"><a href=\"https:\/\/www.instagram.com\/cartosolarmg\/\" target=\"_blank\" aria-label=\"carto solar\"><img loading=\"lazy\" decoding=\"async\" src=\"https:\/\/www.ovigilanteonline.com.br\/site\/wp-content\/uploads\/2023\/05\/carto-solar-2-jpg.webp\" alt=\"\"  srcset=\"https:\/\/www.ovigilanteonline.com.br\/site\/wp-content\/uploads\/2023\/05\/carto-solar-2-jpg.webp 900w, https:\/\/www.ovigilanteonline.com.br\/site\/wp-content\/uploads\/2023\/05\/carto-solar-2-300x121.webp 300w, https:\/\/www.ovigilanteonline.com.br\/site\/wp-content\/uploads\/2023\/05\/carto-solar-2-768x311.webp 768w, https:\/\/www.ovigilanteonline.com.br\/site\/wp-content\/uploads\/2023\/05\/carto-solar-2-600x243.webp 600w\" sizes=\"auto, (max-width: 900px) 100vw, 900px\" width=\"900\" height=\"364\"   \/><\/a><\/div>\r\n\r\n\r\n<hr class=\"wp-block-separator has-alpha-channel-opacity is-style-wide\"\/>\r\n<\/div>","protected":false},"excerpt":{"rendered":"","protected":false},"author":1,"featured_media":0,"parent":0,"menu_order":0,"comment_status":"closed","ping_status":"closed","template":"","meta":{"footnotes":""},"class_list":["post-385316","page","type-page","status-publish","hentry"],"yoast_head":"<!-- This site is optimized with the Yoast SEO plugin v27.5 - https:\/\/yoast.com\/product\/yoast-seo-wordpress\/ -->\n<title>REGI\u00c3O - O VIGILANTE ONLINE<\/title>\n<meta name=\"robots\" content=\"index, follow, max-snippet:-1, max-image-preview:large, max-video-preview:-1\" \/>\n<link rel=\"canonical\" href=\"https:\/\/www.ovigilanteonline.com.br\/site\/regiao\/\" \/>\n<meta property=\"og:locale\" content=\"pt_BR\" \/>\n<meta property=\"og:type\" content=\"article\" \/>\n<meta property=\"og:title\" content=\"REGI\u00c3O - O VIGILANTE ONLINE\" \/>\n<meta property=\"og:url\" content=\"https:\/\/www.ovigilanteonline.com.br\/site\/regiao\/\" \/>\n<meta property=\"og:site_name\" content=\"O VIGILANTE ONLINE\" \/>\n<meta property=\"article:publisher\" content=\"https:\/\/www.facebook.com\/ovigilanteonline\" \/>\n<meta property=\"article:modified_time\" content=\"2022-06-05T03:24:58+00:00\" \/>\n<meta property=\"og:image\" content=\"https:\/\/www.ovigilanteonline.com.br\/site\/wp-content\/uploads\/2021\/03\/OV-LOGO-BRANCO.png\" \/>\n\t<meta property=\"og:image:width\" content=\"710\" \/>\n\t<meta property=\"og:image:height\" content=\"376\" \/>\n\t<meta property=\"og:image:type\" content=\"image\/png\" \/>\n<meta name=\"twitter:card\" content=\"summary_large_image\" \/>\n<script type=\"application\/ld+json\" class=\"yoast-schema-graph\">{\"@context\":\"https:\\\/\\\/schema.org\",\"@graph\":[{\"@type\":\"WebPage\",\"@id\":\"https:\\\/\\\/www.ovigilanteonline.com.br\\\/site\\\/regiao\\\/\",\"url\":\"https:\\\/\\\/www.ovigilanteonline.com.br\\\/site\\\/regiao\\\/\",\"name\":\"REGI\u00c3O - O VIGILANTE ONLINE\",\"isPartOf\":{\"@id\":\"https:\\\/\\\/www.ovigilanteonline.com.br\\\/site\\\/#website\"},\"datePublished\":\"2021-04-19T18:34:49+00:00\",\"dateModified\":\"2022-06-05T03:24:58+00:00\",\"breadcrumb\":{\"@id\":\"https:\\\/\\\/www.ovigilanteonline.com.br\\\/site\\\/regiao\\\/#breadcrumb\"},\"inLanguage\":\"pt-BR\",\"potentialAction\":[{\"@type\":\"ReadAction\",\"target\":[\"https:\\\/\\\/www.ovigilanteonline.com.br\\\/site\\\/regiao\\\/\"]}]},{\"@type\":\"BreadcrumbList\",\"@id\":\"https:\\\/\\\/www.ovigilanteonline.com.br\\\/site\\\/regiao\\\/#breadcrumb\",\"itemListElement\":[{\"@type\":\"ListItem\",\"position\":1,\"name\":\"In\u00edcio\",\"item\":\"https:\\\/\\\/www.ovigilanteonline.com.br\\\/site\\\/\"},{\"@type\":\"ListItem\",\"position\":2,\"name\":\"REGI\u00c3O\"}]},{\"@type\":\"WebSite\",\"@id\":\"https:\\\/\\\/www.ovigilanteonline.com.br\\\/site\\\/#website\",\"url\":\"https:\\\/\\\/www.ovigilanteonline.com.br\\\/site\\\/\",\"name\":\"O VIGILANTE ONLINE - Not\u00edcias de Leopoldina e regi\u00e3o\",\"description\":\"\",\"potentialAction\":[{\"@type\":\"SearchAction\",\"target\":{\"@type\":\"EntryPoint\",\"urlTemplate\":\"https:\\\/\\\/www.ovigilanteonline.com.br\\\/site\\\/?s={search_term_string}\"},\"query-input\":{\"@type\":\"PropertyValueSpecification\",\"valueRequired\":true,\"valueName\":\"search_term_string\"}}],\"inLanguage\":\"pt-BR\"}]}<\/script>\n<!-- \/ Yoast SEO plugin. -->","yoast_head_json":{"title":"REGI\u00c3O - O VIGILANTE ONLINE","robots":{"index":"index","follow":"follow","max-snippet":"max-snippet:-1","max-image-preview":"max-image-preview:large","max-video-preview":"max-video-preview:-1"},"canonical":"https:\/\/www.ovigilanteonline.com.br\/site\/regiao\/","og_locale":"pt_BR","og_type":"article","og_title":"REGI\u00c3O - O VIGILANTE ONLINE","og_url":"https:\/\/www.ovigilanteonline.com.br\/site\/regiao\/","og_site_name":"O VIGILANTE ONLINE","article_publisher":"https:\/\/www.facebook.com\/ovigilanteonline","article_modified_time":"2022-06-05T03:24:58+00:00","og_image":[{"width":710,"height":376,"url":"https:\/\/www.ovigilanteonline.com.br\/site\/wp-content\/uploads\/2021\/03\/OV-LOGO-BRANCO.png","type":"image\/png"}],"twitter_card":"summary_large_image","schema":{"@context":"https:\/\/schema.org","@graph":[{"@type":"WebPage","@id":"https:\/\/www.ovigilanteonline.com.br\/site\/regiao\/","url":"https:\/\/www.ovigilanteonline.com.br\/site\/regiao\/","name":"REGI\u00c3O - O VIGILANTE ONLINE","isPartOf":{"@id":"https:\/\/www.ovigilanteonline.com.br\/site\/#website"},"datePublished":"2021-04-19T18:34:49+00:00","dateModified":"2022-06-05T03:24:58+00:00","breadcrumb":{"@id":"https:\/\/www.ovigilanteonline.com.br\/site\/regiao\/#breadcrumb"},"inLanguage":"pt-BR","potentialAction":[{"@type":"ReadAction","target":["https:\/\/www.ovigilanteonline.com.br\/site\/regiao\/"]}]},{"@type":"BreadcrumbList","@id":"https:\/\/www.ovigilanteonline.com.br\/site\/regiao\/#breadcrumb","itemListElement":[{"@type":"ListItem","position":1,"name":"In\u00edcio","item":"https:\/\/www.ovigilanteonline.com.br\/site\/"},{"@type":"ListItem","position":2,"name":"REGI\u00c3O"}]},{"@type":"WebSite","@id":"https:\/\/www.ovigilanteonline.com.br\/site\/#website","url":"https:\/\/www.ovigilanteonline.com.br\/site\/","name":"O VIGILANTE ONLINE - Not\u00edcias de Leopoldina e regi\u00e3o","description":"","potentialAction":[{"@type":"SearchAction","target":{"@type":"EntryPoint","urlTemplate":"https:\/\/www.ovigilanteonline.com.br\/site\/?s={search_term_string}"},"query-input":{"@type":"PropertyValueSpecification","valueRequired":true,"valueName":"search_term_string"}}],"inLanguage":"pt-BR"}]}},"_links":{"self":[{"href":"https:\/\/www.ovigilanteonline.com.br\/site\/wp-json\/wp\/v2\/pages\/385316","targetHints":{"allow":["GET"]}}],"collection":[{"href":"https:\/\/www.ovigilanteonline.com.br\/site\/wp-json\/wp\/v2\/pages"}],"about":[{"href":"https:\/\/www.ovigilanteonline.com.br\/site\/wp-json\/wp\/v2\/types\/page"}],"author":[{"embeddable":true,"href":"https:\/\/www.ovigilanteonline.com.br\/site\/wp-json\/wp\/v2\/users\/1"}],"replies":[{"embeddable":true,"href":"https:\/\/www.ovigilanteonline.com.br\/site\/wp-json\/wp\/v2\/comments?post=385316"}],"version-history":[{"count":0,"href":"https:\/\/www.ovigilanteonline.com.br\/site\/wp-json\/wp\/v2\/pages\/385316\/revisions"}],"wp:attachment":[{"href":"https:\/\/www.ovigilanteonline.com.br\/site\/wp-json\/wp\/v2\/media?parent=385316"}],"curies":[{"name":"wp","href":"https:\/\/api.w.org\/{rel}","templated":true}]}}