{"id":385314,"date":"2021-04-19T15:33:44","date_gmt":"2021-04-19T18:33:44","guid":{"rendered":"https:\/\/ovigilanteonline.com.br\/site\/?page_id=385314"},"modified":"2025-08-30T20:27:47","modified_gmt":"2025-08-30T23:27:47","slug":"leopoldina","status":"publish","type":"page","link":"https:\/\/www.ovigilanteonline.com.br\/site\/leopoldina\/","title":{"rendered":"LEOPOLDINA"},"content":{"rendered":"\n<div class=\"wp-block-columns is-layout-flex wp-container-core-columns-is-layout-9d6595d7 wp-block-columns-is-layout-flex\">\n<div class=\"wp-block-column is-vertically-aligned-center is-layout-flow wp-block-column-is-layout-flow\" style=\"flex-basis:100%\"><div  class=\"ultp-post-grid-block wp-block-ultimate-post-post-grid-1 ultp-block-ab4fae\"><div class=\"ultp-block-wrapper\"><div class=\"ultp-loading\"><div class=\"ultp-loading-blocks\" style=\"width:100%;height:100%;\"><div style=\"left: 0;top: 0;animation-delay:0s;\"><\/div><div style=\"left: 21px;top: 0;animation-delay:0.125s;\"><\/div><div style=\"left: 42px;top: 0;animation-delay:0.25s;\"><\/div><div style=\"left: 0;top: 21px;animation-delay:0.875s;\"><\/div><div style=\"left: 42px;top: 21px;animation-delay:0.375s;\"><\/div><div style=\"left: 0;top: 42px;animation-delay:0.75s;\"><\/div><div style=\"left: 42px;top: 42px;animation-delay:0.625s;\"><\/div><div style=\"left: 21px;top: 42px;animation-delay:0.5s;\"><\/div><\/div><\/div><div class=\"ultp-heading-filter\"><div class=\"ultp-heading-filter-in\"><div class=\"ultp-filter-navigation\"><\/div><\/div><\/div><div class=\"ultp-block-items-wrap ultp-block-row ultp-pg1a-style1 ultp-grid1-responsive ultp-block-column-3 ultp-sm-column-1 ultp-xs-column-1 ultp-layout1\"><div class=\"ultp-block-item post-id-452868\"><div class=\"ultp-block-content-wrap\"><div class=\"ultp-block-image ultp-block-image-opacity\"><a href=\"https:\/\/www.ovigilanteonline.com.br\/site\/2026\/05\/14\/leopoldina-oferece-ate-50-de-desconto-nas-taxas-do-iptu-para-pagamento-antecipado\/\" ><img decoding=\"async\"  class=\"ultp-block-image-content\"  alt=\"Leopoldina oferece at\u00e9 50% de desconto nas taxas do IPTU para pagamento antecipado\"  src=\"https:\/\/www.ovigilanteonline.com.br\/site\/wp-content\/uploads\/2025\/08\/cidade-cruzeiro-3-scaled.jpg\" \/><\/a><\/div><div class=\"ultp-block-content\"><h3 class=\"ultp-block-title \"><a href=\"https:\/\/www.ovigilanteonline.com.br\/site\/2026\/05\/14\/leopoldina-oferece-ate-50-de-desconto-nas-taxas-do-iptu-para-pagamento-antecipado\/\" >Leopoldina oferece at\u00e9 50% de desconto nas taxas do IPTU para pagamento antecipado<\/a><\/h3><div class=\"ultp-block-meta ultp-block-meta-dot ultp-block-meta-icon\"><\/div><\/div><\/div><\/div><div class=\"ultp-block-item post-id-452857\"><div class=\"ultp-block-content-wrap\"><div class=\"ultp-block-image ultp-block-image-opacity\"><a href=\"https:\/\/www.ovigilanteonline.com.br\/site\/2026\/05\/13\/incendio-em-residencia-mobiliza-bombeiros-e-termina-com-homem-preso-em-leopoldina\/\" ><img decoding=\"async\"  class=\"ultp-block-image-content\"  alt=\"Inc\u00eandio em resid\u00eancia mobiliza Bombeiros e termina com homem preso em Leopoldina\"  src=\"https:\/\/www.ovigilanteonline.com.br\/site\/wp-content\/uploads\/2025\/11\/s26dsd6s6d.jpg\" \/><\/a><\/div><div class=\"ultp-block-content\"><h3 class=\"ultp-block-title \"><a href=\"https:\/\/www.ovigilanteonline.com.br\/site\/2026\/05\/13\/incendio-em-residencia-mobiliza-bombeiros-e-termina-com-homem-preso-em-leopoldina\/\" >Inc\u00eandio em resid\u00eancia mobiliza Bombeiros e termina com homem preso em Leopoldina<\/a><\/h3><div class=\"ultp-block-meta ultp-block-meta-dot ultp-block-meta-icon\"><\/div><\/div><\/div><\/div><div class=\"ultp-block-item post-id-452854\"><div class=\"ultp-block-content-wrap\"><div class=\"ultp-block-image ultp-block-image-opacity\"><a href=\"https:\/\/www.ovigilanteonline.com.br\/site\/2026\/05\/13\/cefet-leopoldina-abre-inscricoes-para-projeto-gratuito-de-corrida-voltado-a-comunidade\/\" ><img decoding=\"async\"  class=\"ultp-block-image-content\"  alt=\"CEFET Leopoldina abre inscri\u00e7\u00f5es para projeto gratuito de corrida voltado \u00e0 comunidade\"  src=\"https:\/\/www.ovigilanteonline.com.br\/site\/wp-content\/uploads\/2024\/06\/cefet-leopoldina-joao-gabriel.jpg\" \/><\/a><\/div><div class=\"ultp-block-content\"><h3 class=\"ultp-block-title \"><a href=\"https:\/\/www.ovigilanteonline.com.br\/site\/2026\/05\/13\/cefet-leopoldina-abre-inscricoes-para-projeto-gratuito-de-corrida-voltado-a-comunidade\/\" >CEFET Leopoldina abre inscri\u00e7\u00f5es para projeto gratuito de corrida voltado \u00e0 comunidade<\/a><\/h3><div class=\"ultp-block-meta ultp-block-meta-dot ultp-block-meta-icon\"><\/div><\/div><\/div><\/div><div class=\"ultp-block-item post-id-452832\"><div class=\"ultp-block-content-wrap\"><div class=\"ultp-block-image ultp-block-image-opacity\"><a href=\"https:\/\/www.ovigilanteonline.com.br\/site\/2026\/05\/12\/arena-praia-promove-open-unimed-de-beach-tenis-em-leopoldina\/\" ><img decoding=\"async\"  class=\"ultp-block-image-content\"  alt=\"Arena Praia promove &#8216;Open Unimed de Beach T\u00eanis&#8217; em Leopoldina\"  src=\"https:\/\/www.ovigilanteonline.com.br\/site\/wp-content\/uploads\/2026\/05\/beach-tennis.jpg\" \/><\/a><\/div><div class=\"ultp-block-content\"><h3 class=\"ultp-block-title \"><a href=\"https:\/\/www.ovigilanteonline.com.br\/site\/2026\/05\/12\/arena-praia-promove-open-unimed-de-beach-tenis-em-leopoldina\/\" >Arena Praia promove &#8216;Open Unimed de Beach T\u00eanis&#8217; em Leopoldina<\/a><\/h3><div class=\"ultp-block-meta ultp-block-meta-dot ultp-block-meta-icon\"><\/div><\/div><\/div><\/div><div class=\"ultp-block-item post-id-452823\"><div class=\"ultp-block-content-wrap\"><div class=\"ultp-block-image ultp-block-image-opacity\"><a href=\"https:\/\/www.ovigilanteonline.com.br\/site\/2026\/05\/11\/prefeitura-e-senac-promovem-curso-gratuito-de-maquiagem-em-leopoldina\/\" ><img decoding=\"async\"  class=\"ultp-block-image-content\"  alt=\"Prefeitura e SENAC promovem curso gratuito de maquiagem em Leopoldina\"  src=\"https:\/\/www.ovigilanteonline.com.br\/site\/wp-content\/uploads\/2026\/05\/senac-maquiagem.jpg\" \/><\/a><\/div><div class=\"ultp-block-content\"><h3 class=\"ultp-block-title \"><a href=\"https:\/\/www.ovigilanteonline.com.br\/site\/2026\/05\/11\/prefeitura-e-senac-promovem-curso-gratuito-de-maquiagem-em-leopoldina\/\" >Prefeitura e SENAC promovem curso gratuito de maquiagem em Leopoldina<\/a><\/h3><div class=\"ultp-block-meta ultp-block-meta-dot ultp-block-meta-icon\"><\/div><\/div><\/div><\/div><div class=\"ultp-block-item post-id-452819\"><div class=\"ultp-block-content-wrap\"><div class=\"ultp-block-image ultp-block-image-opacity\"><a href=\"https:\/\/www.ovigilanteonline.com.br\/site\/2026\/05\/11\/tradicional-feijoada-do-asilo-santo-antonio-sera-realizada-no-dia-7-de-junho-em-leopoldina\/\" ><img decoding=\"async\"  class=\"ultp-block-image-content\"  alt=\"Tradicional Feijoada do Asilo Santo Ant\u00f4nio ser\u00e1 realizada no dia 7 de junho em Leopoldina\"  src=\"https:\/\/www.ovigilanteonline.com.br\/site\/wp-content\/uploads\/2024\/09\/Foto-fachada-Asilo.jpeg\" \/><\/a><\/div><div class=\"ultp-block-content\"><h3 class=\"ultp-block-title \"><a href=\"https:\/\/www.ovigilanteonline.com.br\/site\/2026\/05\/11\/tradicional-feijoada-do-asilo-santo-antonio-sera-realizada-no-dia-7-de-junho-em-leopoldina\/\" >Tradicional Feijoada do Asilo Santo Ant\u00f4nio ser\u00e1 realizada no dia 7 de junho em Leopoldina<\/a><\/h3><div class=\"ultp-block-meta ultp-block-meta-dot ultp-block-meta-icon\"><\/div><\/div><\/div><\/div><div class=\"ultp-block-item post-id-452815\"><div class=\"ultp-block-content-wrap\"><div class=\"ultp-block-image ultp-block-image-opacity\"><a href=\"https:\/\/www.ovigilanteonline.com.br\/site\/2026\/05\/11\/damata-bebidas-abre-vaga-para-ajudante-de-armazem-no-periodo-noturno-em-leopoldina\/\" ><img decoding=\"async\"  class=\"ultp-block-image-content\"  alt=\"Damata Bebidas abre vaga para ajudante de armaz\u00e9m no per\u00edodo noturno em Leopoldina\"  src=\"https:\/\/www.ovigilanteonline.com.br\/site\/wp-content\/uploads\/2024\/05\/DAMATA-FOTO-DIVULGACAO-MATRIZ.jpg\" \/><\/a><\/div><div class=\"ultp-block-content\"><h3 class=\"ultp-block-title \"><a href=\"https:\/\/www.ovigilanteonline.com.br\/site\/2026\/05\/11\/damata-bebidas-abre-vaga-para-ajudante-de-armazem-no-periodo-noturno-em-leopoldina\/\" >Damata Bebidas abre vaga para ajudante de armaz\u00e9m no per\u00edodo noturno em Leopoldina<\/a><\/h3><div class=\"ultp-block-meta ultp-block-meta-dot ultp-block-meta-icon\"><\/div><\/div><\/div><\/div><div class=\"ultp-block-item post-id-452652\"><div class=\"ultp-block-content-wrap\"><div class=\"ultp-block-image ultp-block-image-opacity\"><a href=\"https:\/\/www.ovigilanteonline.com.br\/site\/2026\/05\/09\/homem-morre-apos-discussao-e-agressoes-contra-familiares-em-leopoldina\/\" ><img decoding=\"async\"  class=\"ultp-block-image-content\"  alt=\"Homem morre ap\u00f3s discuss\u00e3o e agress\u00f5es contra familiares em Leopoldina\"  src=\"https:\/\/www.ovigilanteonline.com.br\/site\/wp-content\/uploads\/2026\/05\/crime.png\" \/><\/a><\/div><div class=\"ultp-block-content\"><h3 class=\"ultp-block-title \"><a href=\"https:\/\/www.ovigilanteonline.com.br\/site\/2026\/05\/09\/homem-morre-apos-discussao-e-agressoes-contra-familiares-em-leopoldina\/\" >Homem morre ap\u00f3s discuss\u00e3o e agress\u00f5es contra familiares em Leopoldina<\/a><\/h3><div class=\"ultp-block-meta ultp-block-meta-dot ultp-block-meta-icon\"><\/div><\/div><\/div><\/div><div class=\"ultp-block-item post-id-452645\"><div class=\"ultp-block-content-wrap\"><div class=\"ultp-block-image ultp-block-image-opacity\"><a href=\"https:\/\/www.ovigilanteonline.com.br\/site\/2026\/05\/09\/concurso-de-fotografias-vai-premiar-registros-das-belezas-naturais-de-leopoldina\/\" ><img decoding=\"async\"  class=\"ultp-block-image-content\"  alt=\"Concurso de fotografias vai premiar registros das belezas naturais de Leopoldina\"  src=\"https:\/\/www.ovigilanteonline.com.br\/site\/wp-content\/uploads\/2026\/05\/ChatGPT-Image-9-de-mai.-de-2026-08_54_00.png\" \/><\/a><\/div><div class=\"ultp-block-content\"><h3 class=\"ultp-block-title \"><a href=\"https:\/\/www.ovigilanteonline.com.br\/site\/2026\/05\/09\/concurso-de-fotografias-vai-premiar-registros-das-belezas-naturais-de-leopoldina\/\" >Concurso de fotografias vai premiar registros das belezas naturais de Leopoldina<\/a><\/h3><div class=\"ultp-block-meta ultp-block-meta-dot ultp-block-meta-icon\"><\/div><\/div><\/div><\/div><div class=\"ultp-block-item post-id-452641\"><div class=\"ultp-block-content-wrap\"><div class=\"ultp-block-image ultp-block-image-opacity\"><a href=\"https:\/\/www.ovigilanteonline.com.br\/site\/2026\/05\/08\/stone-house-promove-1o-rock-stone-festival-com-nenhum-de-nos-e-detonautas-em-leopoldina\/\" ><img decoding=\"async\"  class=\"ultp-block-image-content\"  alt=\"Stone House promove 1\u00ba Rock Stone Festival com Nenhum de N\u00f3s e Detonautas em Leopoldina\"  src=\"https:\/\/www.ovigilanteonline.com.br\/site\/wp-content\/uploads\/2026\/05\/6565656565-tile.jpg\" \/><\/a><\/div><div class=\"ultp-block-content\"><h3 class=\"ultp-block-title \"><a href=\"https:\/\/www.ovigilanteonline.com.br\/site\/2026\/05\/08\/stone-house-promove-1o-rock-stone-festival-com-nenhum-de-nos-e-detonautas-em-leopoldina\/\" >Stone House promove 1\u00ba Rock Stone Festival com Nenhum de N\u00f3s e Detonautas em Leopoldina<\/a><\/h3><div class=\"ultp-block-meta ultp-block-meta-dot ultp-block-meta-icon\"><\/div><\/div><\/div><\/div><div class=\"ultp-block-item post-id-452635\"><div class=\"ultp-block-content-wrap\"><div class=\"ultp-block-image ultp-block-image-opacity\"><a href=\"https:\/\/www.ovigilanteonline.com.br\/site\/2026\/05\/08\/pm-apreende-cocaina-apos-monitorar-ponto-de-trafico-no-bairro-quinta-residencia-em-leopoldina\/\" ><img decoding=\"async\"  class=\"ultp-block-image-content\"  alt=\"PM apreende coca\u00edna ap\u00f3s monitorar ponto de tr\u00e1fico no bairro Quinta Resid\u00eancia em Leopoldina\"  src=\"https:\/\/www.ovigilanteonline.com.br\/site\/wp-content\/uploads\/2026\/05\/WhatsApp-Image-2026-05-08-at-15.12.21.jpeg\" \/><\/a><\/div><div class=\"ultp-block-content\"><h3 class=\"ultp-block-title \"><a href=\"https:\/\/www.ovigilanteonline.com.br\/site\/2026\/05\/08\/pm-apreende-cocaina-apos-monitorar-ponto-de-trafico-no-bairro-quinta-residencia-em-leopoldina\/\" >PM apreende coca\u00edna ap\u00f3s monitorar ponto de tr\u00e1fico no bairro Quinta Resid\u00eancia em Leopoldina<\/a><\/h3><div class=\"ultp-block-meta ultp-block-meta-dot ultp-block-meta-icon\"><\/div><\/div><\/div><\/div><div class=\"ultp-block-item post-id-452622\"><div class=\"ultp-block-content-wrap\"><div class=\"ultp-block-image ultp-block-image-opacity\"><a href=\"https:\/\/www.ovigilanteonline.com.br\/site\/2026\/05\/08\/prefeitura-de-leopoldina-amplia-tarifa-zero-e-leva-transporte-gratuito-aos-distritos\/\" ><img decoding=\"async\"  class=\"ultp-block-image-content\"  alt=\"Prefeitura de Leopoldina amplia Tarifa Zero e leva transporte gratuito aos distritos\"  src=\"https:\/\/www.ovigilanteonline.com.br\/site\/wp-content\/uploads\/2026\/05\/WhatsApp-Image-2026-05-07-at-19.09.22.jpeg\" \/><\/a><\/div><div class=\"ultp-block-content\"><h3 class=\"ultp-block-title \"><a href=\"https:\/\/www.ovigilanteonline.com.br\/site\/2026\/05\/08\/prefeitura-de-leopoldina-amplia-tarifa-zero-e-leva-transporte-gratuito-aos-distritos\/\" >Prefeitura de Leopoldina amplia Tarifa Zero e leva transporte gratuito aos distritos<\/a><\/h3><div class=\"ultp-block-meta ultp-block-meta-dot ultp-block-meta-icon\"><\/div><\/div><\/div><\/div><\/div><div class=\"ultp-pagination-wrap ultp-pagination-ajax-action\" data-paged=\"1\" data-expost=\"\"  data-blockid=\"ab4fae\" data-postid=\"385314\" data-pages=\"257\" data-blockname=\"ultimate-post_post-grid-1\" data-selfpostid=\"yes\"><ul class=\"ultp-pagination\"><li class=\"ultp-prev-page-numbers\" style=\"display:none\"><a href=\"https:\/\/www.ovigilanteonline.com.br\/site\/wp-json\/wp\/v2\/pages\/385314\/\"><svg xmlns=\"http:\/\/www.w3.org\/2000\/svg\" fill=\"none\" viewBox=\"0 0 24 24\">\n  <path stroke=\"currentColor\" stroke-linecap=\"round\" stroke-linejoin=\"round\" stroke-width=\"1.5\" d=\"m15 18-6-6 6-6\"\/>\n<\/svg>\n Antes<\/a><\/li><li class=\"ultp-first-pages\" style=\"display:none\" data-current=\"1\"><a href=\"https:\/\/www.ovigilanteonline.com.br\/site\/wp-json\/wp\/v2\/pages\/385314\/\">1<\/a><\/li><li class=\"ultp-first-dot\"style=\"display:none\"><a href=\"#\">&#8230;<\/a><\/li><li class=\"ultp-center-item pagination-active\" data-current=\"1\"><a href=\"https:\/\/www.ovigilanteonline.com.br\/site\/wp-json\/wp\/v2\/pages\/385314\/\">1<\/a><\/li><li class=\"ultp-center-item\" data-current=\"2\" ><a href=\"https:\/\/www.ovigilanteonline.com.br\/site\/wp-json\/wp\/v2\/pages\/385314\/page\/2\/\">2<\/a><\/li><li class=\"ultp-center-item\" data-current=\"3\" ><a href=\"https:\/\/www.ovigilanteonline.com.br\/site\/wp-json\/wp\/v2\/pages\/385314\/page\/3\/\">3<\/a><\/li><li class=\"ultp-last-dot\" ><a href=\"#\">&#8230;<\/a><\/li><li class=\"ultp-last-pages\" data-current=\"257\"><a href=\"https:\/\/www.ovigilanteonline.com.br\/site\/wp-json\/wp\/v2\/pages\/385314\/page\/257\/\">257<\/a><\/li><li class=\"ultp-next-page-numbers\"><a href=\"https:\/\/www.ovigilanteonline.com.br\/site\/wp-json\/wp\/v2\/pages\/385314\/page\/2\/\">Pr\u00f3ximo<svg xmlns=\"http:\/\/www.w3.org\/2000\/svg\" fill=\"none\" viewBox=\"0 0 24 24\">\n  <path stroke=\"currentColor\" stroke-linecap=\"round\" stroke-linejoin=\"round\" stroke-width=\"1.5\" d=\"m9 18 6-6-6-6\"\/>\n<\/svg>\n<\/a><\/li><\/ul><\/div><\/div><div class=\"pagination-block-html\" aria-hidden=\"true\" style=\"display: none;\"><\/div><\/div><\/div>\n<\/div>\n\n\n<div style=\"margin-left: auto; margin-right: auto; text-align: center; \" id=\"ovigi-119497432\">\r\n<p class=\"has-text-align-center has-small-font-size\">continua depois da publicidade<\/p>\r\n\r\n\r\n\r\n<hr class=\"wp-block-separator has-alpha-channel-opacity is-style-wide\"\/>\r\n\r\n\r\n<div id=\"ovigi-1941709656\"><a href=\"https:\/\/www.instagram.com\/cartosolarmg\/\" target=\"_blank\" aria-label=\"carto solar\"><img loading=\"lazy\" decoding=\"async\" src=\"https:\/\/www.ovigilanteonline.com.br\/site\/wp-content\/uploads\/2023\/05\/carto-solar-2-jpg.webp\" alt=\"\"  srcset=\"https:\/\/www.ovigilanteonline.com.br\/site\/wp-content\/uploads\/2023\/05\/carto-solar-2-jpg.webp 900w, https:\/\/www.ovigilanteonline.com.br\/site\/wp-content\/uploads\/2023\/05\/carto-solar-2-300x121.webp 300w, https:\/\/www.ovigilanteonline.com.br\/site\/wp-content\/uploads\/2023\/05\/carto-solar-2-768x311.webp 768w, https:\/\/www.ovigilanteonline.com.br\/site\/wp-content\/uploads\/2023\/05\/carto-solar-2-600x243.webp 600w\" sizes=\"auto, (max-width: 900px) 100vw, 900px\" width=\"900\" height=\"364\"   \/><\/a><\/div>\r\n\r\n\r\n<hr class=\"wp-block-separator has-alpha-channel-opacity is-style-wide\"\/>\r\n<\/div>","protected":false},"excerpt":{"rendered":"","protected":false},"author":1,"featured_media":0,"parent":0,"menu_order":0,"comment_status":"closed","ping_status":"closed","template":"","meta":{"footnotes":""},"class_list":["post-385314","page","type-page","status-publish","hentry"],"yoast_head":"<!-- This site is optimized with the Yoast SEO plugin v27.5 - https:\/\/yoast.com\/product\/yoast-seo-wordpress\/ -->\n<title>LEOPOLDINA - O VIGILANTE ONLINE<\/title>\n<meta name=\"robots\" content=\"index, follow, max-snippet:-1, max-image-preview:large, max-video-preview:-1\" \/>\n<link rel=\"canonical\" href=\"https:\/\/www.ovigilanteonline.com.br\/site\/leopoldina\/\" \/>\n<meta property=\"og:locale\" content=\"pt_BR\" \/>\n<meta property=\"og:type\" content=\"article\" \/>\n<meta property=\"og:title\" content=\"LEOPOLDINA - O VIGILANTE ONLINE\" \/>\n<meta property=\"og:url\" content=\"https:\/\/www.ovigilanteonline.com.br\/site\/leopoldina\/\" \/>\n<meta property=\"og:site_name\" content=\"O VIGILANTE ONLINE\" \/>\n<meta property=\"article:publisher\" content=\"https:\/\/www.facebook.com\/ovigilanteonline\" \/>\n<meta property=\"article:modified_time\" content=\"2025-08-30T23:27:47+00:00\" \/>\n<meta property=\"og:image\" content=\"https:\/\/www.ovigilanteonline.com.br\/site\/wp-content\/uploads\/2021\/03\/OV-LOGO-BRANCO.png\" \/>\n\t<meta property=\"og:image:width\" content=\"710\" \/>\n\t<meta property=\"og:image:height\" content=\"376\" \/>\n\t<meta property=\"og:image:type\" content=\"image\/png\" \/>\n<meta name=\"twitter:card\" content=\"summary_large_image\" \/>\n<script type=\"application\/ld+json\" class=\"yoast-schema-graph\">{\"@context\":\"https:\\\/\\\/schema.org\",\"@graph\":[{\"@type\":\"WebPage\",\"@id\":\"https:\\\/\\\/www.ovigilanteonline.com.br\\\/site\\\/leopoldina\\\/\",\"url\":\"https:\\\/\\\/www.ovigilanteonline.com.br\\\/site\\\/leopoldina\\\/\",\"name\":\"LEOPOLDINA - O VIGILANTE ONLINE\",\"isPartOf\":{\"@id\":\"https:\\\/\\\/www.ovigilanteonline.com.br\\\/site\\\/#website\"},\"datePublished\":\"2021-04-19T18:33:44+00:00\",\"dateModified\":\"2025-08-30T23:27:47+00:00\",\"breadcrumb\":{\"@id\":\"https:\\\/\\\/www.ovigilanteonline.com.br\\\/site\\\/leopoldina\\\/#breadcrumb\"},\"inLanguage\":\"pt-BR\",\"potentialAction\":[{\"@type\":\"ReadAction\",\"target\":[\"https:\\\/\\\/www.ovigilanteonline.com.br\\\/site\\\/leopoldina\\\/\"]}]},{\"@type\":\"BreadcrumbList\",\"@id\":\"https:\\\/\\\/www.ovigilanteonline.com.br\\\/site\\\/leopoldina\\\/#breadcrumb\",\"itemListElement\":[{\"@type\":\"ListItem\",\"position\":1,\"name\":\"In\u00edcio\",\"item\":\"https:\\\/\\\/www.ovigilanteonline.com.br\\\/site\\\/\"},{\"@type\":\"ListItem\",\"position\":2,\"name\":\"LEOPOLDINA\"}]},{\"@type\":\"WebSite\",\"@id\":\"https:\\\/\\\/www.ovigilanteonline.com.br\\\/site\\\/#website\",\"url\":\"https:\\\/\\\/www.ovigilanteonline.com.br\\\/site\\\/\",\"name\":\"O VIGILANTE ONLINE - Not\u00edcias de Leopoldina e regi\u00e3o\",\"description\":\"\",\"potentialAction\":[{\"@type\":\"SearchAction\",\"target\":{\"@type\":\"EntryPoint\",\"urlTemplate\":\"https:\\\/\\\/www.ovigilanteonline.com.br\\\/site\\\/?s={search_term_string}\"},\"query-input\":{\"@type\":\"PropertyValueSpecification\",\"valueRequired\":true,\"valueName\":\"search_term_string\"}}],\"inLanguage\":\"pt-BR\"}]}<\/script>\n<!-- \/ Yoast SEO plugin. -->","yoast_head_json":{"title":"LEOPOLDINA - O VIGILANTE ONLINE","robots":{"index":"index","follow":"follow","max-snippet":"max-snippet:-1","max-image-preview":"max-image-preview:large","max-video-preview":"max-video-preview:-1"},"canonical":"https:\/\/www.ovigilanteonline.com.br\/site\/leopoldina\/","og_locale":"pt_BR","og_type":"article","og_title":"LEOPOLDINA - O VIGILANTE ONLINE","og_url":"https:\/\/www.ovigilanteonline.com.br\/site\/leopoldina\/","og_site_name":"O VIGILANTE ONLINE","article_publisher":"https:\/\/www.facebook.com\/ovigilanteonline","article_modified_time":"2025-08-30T23:27:47+00:00","og_image":[{"width":710,"height":376,"url":"https:\/\/www.ovigilanteonline.com.br\/site\/wp-content\/uploads\/2021\/03\/OV-LOGO-BRANCO.png","type":"image\/png"}],"twitter_card":"summary_large_image","schema":{"@context":"https:\/\/schema.org","@graph":[{"@type":"WebPage","@id":"https:\/\/www.ovigilanteonline.com.br\/site\/leopoldina\/","url":"https:\/\/www.ovigilanteonline.com.br\/site\/leopoldina\/","name":"LEOPOLDINA - O VIGILANTE ONLINE","isPartOf":{"@id":"https:\/\/www.ovigilanteonline.com.br\/site\/#website"},"datePublished":"2021-04-19T18:33:44+00:00","dateModified":"2025-08-30T23:27:47+00:00","breadcrumb":{"@id":"https:\/\/www.ovigilanteonline.com.br\/site\/leopoldina\/#breadcrumb"},"inLanguage":"pt-BR","potentialAction":[{"@type":"ReadAction","target":["https:\/\/www.ovigilanteonline.com.br\/site\/leopoldina\/"]}]},{"@type":"BreadcrumbList","@id":"https:\/\/www.ovigilanteonline.com.br\/site\/leopoldina\/#breadcrumb","itemListElement":[{"@type":"ListItem","position":1,"name":"In\u00edcio","item":"https:\/\/www.ovigilanteonline.com.br\/site\/"},{"@type":"ListItem","position":2,"name":"LEOPOLDINA"}]},{"@type":"WebSite","@id":"https:\/\/www.ovigilanteonline.com.br\/site\/#website","url":"https:\/\/www.ovigilanteonline.com.br\/site\/","name":"O VIGILANTE ONLINE - Not\u00edcias de Leopoldina e regi\u00e3o","description":"","potentialAction":[{"@type":"SearchAction","target":{"@type":"EntryPoint","urlTemplate":"https:\/\/www.ovigilanteonline.com.br\/site\/?s={search_term_string}"},"query-input":{"@type":"PropertyValueSpecification","valueRequired":true,"valueName":"search_term_string"}}],"inLanguage":"pt-BR"}]}},"_links":{"self":[{"href":"https:\/\/www.ovigilanteonline.com.br\/site\/wp-json\/wp\/v2\/pages\/385314","targetHints":{"allow":["GET"]}}],"collection":[{"href":"https:\/\/www.ovigilanteonline.com.br\/site\/wp-json\/wp\/v2\/pages"}],"about":[{"href":"https:\/\/www.ovigilanteonline.com.br\/site\/wp-json\/wp\/v2\/types\/page"}],"author":[{"embeddable":true,"href":"https:\/\/www.ovigilanteonline.com.br\/site\/wp-json\/wp\/v2\/users\/1"}],"replies":[{"embeddable":true,"href":"https:\/\/www.ovigilanteonline.com.br\/site\/wp-json\/wp\/v2\/comments?post=385314"}],"version-history":[{"count":0,"href":"https:\/\/www.ovigilanteonline.com.br\/site\/wp-json\/wp\/v2\/pages\/385314\/revisions"}],"wp:attachment":[{"href":"https:\/\/www.ovigilanteonline.com.br\/site\/wp-json\/wp\/v2\/media?parent=385314"}],"curies":[{"name":"wp","href":"https:\/\/api.w.org\/{rel}","templated":true}]}}