{"id":383562,"date":"2021-02-24T11:37:58","date_gmt":"2021-02-24T14:37:58","guid":{"rendered":"https:\/\/ovigilanteonline.com.br\/site\/?page_id=383562"},"modified":"2021-05-18T11:06:09","modified_gmt":"2021-05-18T14:06:09","slug":"expediente","status":"publish","type":"page","link":"https:\/\/www.ovigilanteonline.com.br\/site\/expediente\/","title":{"rendered":"Expediente"},"content":{"rendered":"\n<p><strong>O VIGILANTE ONLINE<\/strong>\u00a0\u00e9 um Portal de Not\u00edcias pertencente a HC&amp;P Consultoria e Projetos, empresa sediada no munic\u00edpio de Leopoldina, Zona da Mata de Minas Gerais.<\/p>\n\n\n\n<p><strong>Fundador<\/strong><br>J\u00falio Cesar Martins<br>MTE 18960\/MG<\/p>\n\n\n\n<p><strong>Diretor editorial<\/strong><br>J\u00falio Cesar Cabral<br>MTE 19773\/MG<br>ABJ 3331<\/p>\n\n\n\n<p><strong>Diretor executivo<\/strong><br>Jos\u00e9 Augusto Cabral<br>MTE 19985\/MG<\/p>\n\n\n\n\n\n<p><strong>Tel: 55-32-3449-1832<br>Cel: 55-32-991734242<\/strong><\/p>\n\n\n\n<p><strong>Contato<br>www.ovigilanteonline.com.br<\/strong><br>E-mail: contato@ovigilanteonline.com<\/p>\n\n\n\n<p><strong>Redes Sociais<\/strong><br><a href=\"https:\/\/www.facebook.com\/ovigilanteonline\" rel=\"noreferrer noopener\" target=\"_blank\">www.facebook.com\/ovigilanteonline<br>www.instagram.com\/ovigilanteonline<\/a><\/p>\n","protected":false},"excerpt":{"rendered":"<p>O VIGILANTE ONLINE\u00a0\u00e9 um Portal de Not\u00edcias pertencente a HC&amp;P Consultoria e Projetos, empresa sediada no munic\u00edpio de Leopoldina, Zona da Mata de Minas Gerais. FundadorJ\u00falio Cesar MartinsMTE 18960\/MG Diretor editorialJ\u00falio Cesar CabralMTE 19773\/MGABJ 3331 Diretor executivoJos\u00e9 Augusto CabralMTE 19985\/MG Tel: 55-32-3449-1832Cel: 55-32-991734242 Contatowww.ovigilanteonline.com.brE-mail: contato@ovigilanteonline.com Redes Sociaiswww.facebook.com\/ovigilanteonlinewww.instagram.com\/ovigilanteonline<\/p>\n","protected":false},"author":1,"featured_media":0,"parent":0,"menu_order":0,"comment_status":"closed","ping_status":"closed","template":"","meta":{"footnotes":""},"class_list":["post-383562","page","type-page","status-publish","hentry"],"yoast_head":"<!-- This site is optimized with the Yoast SEO plugin v27.5 - https:\/\/yoast.com\/product\/yoast-seo-wordpress\/ -->\n<title>Expediente - O VIGILANTE ONLINE<\/title>\n<meta name=\"robots\" content=\"index, follow, max-snippet:-1, max-image-preview:large, max-video-preview:-1\" \/>\n<link rel=\"canonical\" href=\"https:\/\/www.ovigilanteonline.com.br\/site\/expediente\/\" \/>\n<meta property=\"og:locale\" content=\"pt_BR\" \/>\n<meta property=\"og:type\" content=\"article\" \/>\n<meta property=\"og:title\" content=\"Expediente - O VIGILANTE ONLINE\" \/>\n<meta property=\"og:description\" content=\"O VIGILANTE ONLINE\u00a0\u00e9 um Portal de Not\u00edcias pertencente a HC&amp;P Consultoria e Projetos, empresa sediada no munic\u00edpio de Leopoldina, Zona da Mata de Minas Gerais. FundadorJ\u00falio Cesar MartinsMTE 18960\/MG Diretor editorialJ\u00falio Cesar CabralMTE 19773\/MGABJ 3331 Diretor executivoJos\u00e9 Augusto CabralMTE 19985\/MG Tel: 55-32-3449-1832Cel: 55-32-991734242 Contatowww.ovigilanteonline.com.brE-mail: contato@ovigilanteonline.com Redes Sociaiswww.facebook.com\/ovigilanteonlinewww.instagram.com\/ovigilanteonline\" \/>\n<meta property=\"og:url\" content=\"https:\/\/www.ovigilanteonline.com.br\/site\/expediente\/\" \/>\n<meta property=\"og:site_name\" content=\"O VIGILANTE ONLINE\" \/>\n<meta property=\"article:publisher\" content=\"https:\/\/www.facebook.com\/ovigilanteonline\" \/>\n<meta property=\"article:modified_time\" content=\"2021-05-18T14:06:09+00:00\" \/>\n<meta property=\"og:image\" content=\"https:\/\/www.ovigilanteonline.com.br\/site\/wp-content\/uploads\/2021\/03\/OV-LOGO-BRANCO.png\" \/>\n\t<meta property=\"og:image:width\" content=\"710\" \/>\n\t<meta property=\"og:image:height\" content=\"376\" \/>\n\t<meta property=\"og:image:type\" content=\"image\/png\" \/>\n<meta name=\"twitter:card\" content=\"summary_large_image\" \/>\n<script type=\"application\/ld+json\" class=\"yoast-schema-graph\">{\"@context\":\"https:\\\/\\\/schema.org\",\"@graph\":[{\"@type\":\"WebPage\",\"@id\":\"https:\\\/\\\/www.ovigilanteonline.com.br\\\/site\\\/expediente\\\/\",\"url\":\"https:\\\/\\\/www.ovigilanteonline.com.br\\\/site\\\/expediente\\\/\",\"name\":\"Expediente - O VIGILANTE ONLINE\",\"isPartOf\":{\"@id\":\"https:\\\/\\\/www.ovigilanteonline.com.br\\\/site\\\/#website\"},\"datePublished\":\"2021-02-24T14:37:58+00:00\",\"dateModified\":\"2021-05-18T14:06:09+00:00\",\"breadcrumb\":{\"@id\":\"https:\\\/\\\/www.ovigilanteonline.com.br\\\/site\\\/expediente\\\/#breadcrumb\"},\"inLanguage\":\"pt-BR\",\"potentialAction\":[{\"@type\":\"ReadAction\",\"target\":[\"https:\\\/\\\/www.ovigilanteonline.com.br\\\/site\\\/expediente\\\/\"]}]},{\"@type\":\"BreadcrumbList\",\"@id\":\"https:\\\/\\\/www.ovigilanteonline.com.br\\\/site\\\/expediente\\\/#breadcrumb\",\"itemListElement\":[{\"@type\":\"ListItem\",\"position\":1,\"name\":\"In\u00edcio\",\"item\":\"https:\\\/\\\/www.ovigilanteonline.com.br\\\/site\\\/\"},{\"@type\":\"ListItem\",\"position\":2,\"name\":\"Expediente\"}]},{\"@type\":\"WebSite\",\"@id\":\"https:\\\/\\\/www.ovigilanteonline.com.br\\\/site\\\/#website\",\"url\":\"https:\\\/\\\/www.ovigilanteonline.com.br\\\/site\\\/\",\"name\":\"O VIGILANTE ONLINE - Not\u00edcias de Leopoldina e regi\u00e3o\",\"description\":\"\",\"potentialAction\":[{\"@type\":\"SearchAction\",\"target\":{\"@type\":\"EntryPoint\",\"urlTemplate\":\"https:\\\/\\\/www.ovigilanteonline.com.br\\\/site\\\/?s={search_term_string}\"},\"query-input\":{\"@type\":\"PropertyValueSpecification\",\"valueRequired\":true,\"valueName\":\"search_term_string\"}}],\"inLanguage\":\"pt-BR\"}]}<\/script>\n<!-- \/ Yoast SEO plugin. -->","yoast_head_json":{"title":"Expediente - O VIGILANTE ONLINE","robots":{"index":"index","follow":"follow","max-snippet":"max-snippet:-1","max-image-preview":"max-image-preview:large","max-video-preview":"max-video-preview:-1"},"canonical":"https:\/\/www.ovigilanteonline.com.br\/site\/expediente\/","og_locale":"pt_BR","og_type":"article","og_title":"Expediente - O VIGILANTE ONLINE","og_description":"O VIGILANTE ONLINE\u00a0\u00e9 um Portal de Not\u00edcias pertencente a HC&amp;P Consultoria e Projetos, empresa sediada no munic\u00edpio de Leopoldina, Zona da Mata de Minas Gerais. FundadorJ\u00falio Cesar MartinsMTE 18960\/MG Diretor editorialJ\u00falio Cesar CabralMTE 19773\/MGABJ 3331 Diretor executivoJos\u00e9 Augusto CabralMTE 19985\/MG Tel: 55-32-3449-1832Cel: 55-32-991734242 Contatowww.ovigilanteonline.com.brE-mail: contato@ovigilanteonline.com Redes Sociaiswww.facebook.com\/ovigilanteonlinewww.instagram.com\/ovigilanteonline","og_url":"https:\/\/www.ovigilanteonline.com.br\/site\/expediente\/","og_site_name":"O VIGILANTE ONLINE","article_publisher":"https:\/\/www.facebook.com\/ovigilanteonline","article_modified_time":"2021-05-18T14:06:09+00:00","og_image":[{"width":710,"height":376,"url":"https:\/\/www.ovigilanteonline.com.br\/site\/wp-content\/uploads\/2021\/03\/OV-LOGO-BRANCO.png","type":"image\/png"}],"twitter_card":"summary_large_image","schema":{"@context":"https:\/\/schema.org","@graph":[{"@type":"WebPage","@id":"https:\/\/www.ovigilanteonline.com.br\/site\/expediente\/","url":"https:\/\/www.ovigilanteonline.com.br\/site\/expediente\/","name":"Expediente - O VIGILANTE ONLINE","isPartOf":{"@id":"https:\/\/www.ovigilanteonline.com.br\/site\/#website"},"datePublished":"2021-02-24T14:37:58+00:00","dateModified":"2021-05-18T14:06:09+00:00","breadcrumb":{"@id":"https:\/\/www.ovigilanteonline.com.br\/site\/expediente\/#breadcrumb"},"inLanguage":"pt-BR","potentialAction":[{"@type":"ReadAction","target":["https:\/\/www.ovigilanteonline.com.br\/site\/expediente\/"]}]},{"@type":"BreadcrumbList","@id":"https:\/\/www.ovigilanteonline.com.br\/site\/expediente\/#breadcrumb","itemListElement":[{"@type":"ListItem","position":1,"name":"In\u00edcio","item":"https:\/\/www.ovigilanteonline.com.br\/site\/"},{"@type":"ListItem","position":2,"name":"Expediente"}]},{"@type":"WebSite","@id":"https:\/\/www.ovigilanteonline.com.br\/site\/#website","url":"https:\/\/www.ovigilanteonline.com.br\/site\/","name":"O VIGILANTE ONLINE - Not\u00edcias de Leopoldina e regi\u00e3o","description":"","potentialAction":[{"@type":"SearchAction","target":{"@type":"EntryPoint","urlTemplate":"https:\/\/www.ovigilanteonline.com.br\/site\/?s={search_term_string}"},"query-input":{"@type":"PropertyValueSpecification","valueRequired":true,"valueName":"search_term_string"}}],"inLanguage":"pt-BR"}]}},"_links":{"self":[{"href":"https:\/\/www.ovigilanteonline.com.br\/site\/wp-json\/wp\/v2\/pages\/383562","targetHints":{"allow":["GET"]}}],"collection":[{"href":"https:\/\/www.ovigilanteonline.com.br\/site\/wp-json\/wp\/v2\/pages"}],"about":[{"href":"https:\/\/www.ovigilanteonline.com.br\/site\/wp-json\/wp\/v2\/types\/page"}],"author":[{"embeddable":true,"href":"https:\/\/www.ovigilanteonline.com.br\/site\/wp-json\/wp\/v2\/users\/1"}],"replies":[{"embeddable":true,"href":"https:\/\/www.ovigilanteonline.com.br\/site\/wp-json\/wp\/v2\/comments?post=383562"}],"version-history":[{"count":0,"href":"https:\/\/www.ovigilanteonline.com.br\/site\/wp-json\/wp\/v2\/pages\/383562\/revisions"}],"wp:attachment":[{"href":"https:\/\/www.ovigilanteonline.com.br\/site\/wp-json\/wp\/v2\/media?parent=383562"}],"curies":[{"name":"wp","href":"https:\/\/api.w.org\/{rel}","templated":true}]}}